{"id":6888,"date":"2021-10-20T11:36:41","date_gmt":"2021-10-20T11:36:41","guid":{"rendered":"https:\/\/alfatest.ro\/politika-privatnosti\/"},"modified":"2024-09-04T11:23:19","modified_gmt":"2024-09-04T11:23:19","slug":"politika-privatnosti","status":"publish","type":"page","link":"https:\/\/alfatest.ro\/sr\/politika-privatnosti\/","title":{"rendered":"Politika privatnosti"},"content":{"rendered":"\n<h2 class=\"wp-block-heading\" id=\"who-we-are\">\u041a\u043e \u0441\u043c\u043e \u043c\u0438<\/h2>\n\n<p><strong class=\"privacy-policy-tutorial\">Predlo\u017eeni tekst: <\/strong>Adresa na\u0161eg sajta je: http:\/\/alfatest.ro.<\/p>\n\n<h2 class=\"wp-block-heading\" id=\"comments\">\u041a\u043e\u043c\u0435\u043d\u0442\u0430\u0440\u0438<\/h2>\n\n<p><strong class=\"privacy-policy-tutorial\">Predlo\u017eeni tekst: <\/strong>Kada posetioci ostavljaju komentare na sajtu, prikupljamo podatke prikazane u obrascu za komentare, kao i IP adresu posetioca i niz korisni\u010dkog agenta pretra\u017eiva\u010da kako bismo pomogli u otkrivanju ne\u017eeljene po\u0161te.<\/p>\n\n<p>Anonimni niz kreiran sa va\u0161e adrese e-po\u0161te (koji se naziva i hash) mo\u017ee se dostaviti usluzi Gravatar da biste videli da li ga koristite. Pravila o privatnosti usluge Gravatar dostupna su ovde: https:\/\/automattic.com\/privacy\/. Nakon odobrenja va\u0161eg komentara, va\u0161a profilna slika je vidljiva javnosti u kontekstu va\u0161eg komentara.<\/p>\n\n<h2 class=\"wp-block-heading\" id=\"media\">Media<\/h2>\n\n<p><strong class=\"privacy-policy-tutorial\">Predlo\u017eeni tekst: <\/strong>Ako otpremite slike na veb stranicu, trebalo bi da izbegavate u\u010ditavanje slika sa ugra\u0111enim podacima o lokaciji (EKSIF GPS). Posetioci sajta mogu preuzeti i izvu\u0107i sve podatke o lokaciji iz slika na sajtu. <\/p>\n\n<h2 class=\"wp-block-heading\" id=\"cookies\">Kola\u010di\u0107i<\/h2>\n\n<p><strong class=\"privacy-policy-tutorial\">Predlo\u017eeni tekst: <\/strong>Ako ostavite komentar na na\u0161em sajtu, mo\u017eete se odlu\u010diti za \u010duvanje va\u0161eg imena, adrese e-po\u0161te i veb sajta u kola\u010di\u0107ima. Ovo je za va\u0161u udobnost, tako da ne morate ponovo da popunite svoje podatke kada ostavite drugi komentar. Ovi kola\u010di\u0107i \u0107e trajati godinu dana.  <\/p>\n\n<p>Ako posetite na\u0161u stranicu za prijavljivanje, postavi\u0107emo privremeni kola\u010di\u0107 kako bismo utvrdili da li va\u0161 pretra\u017eiva\u010d prihvata kola\u010di\u0107e. Ovaj kola\u010di\u0107 ne sadr\u017ei li\u010dne podatke i odbacuje se kada zatvorite pregleda\u010d.<\/p>\n\n<p>Kada se prijavite, tako\u0111e \u0107emo postaviti nekoliko kola\u010di\u0107a da sa\u010duvate svoje podatke za prijavljivanje i izbore ekrana. Kola\u010di\u0107i za prijavljivanje traju dva dana, a kola\u010di\u0107i sa opcijama ekrana traju godinu dana. Ako izaberete &#8222;Zapamti me&#8220;, va\u0161a prijava \u0107e trajati dve nedelje. Ako se odjavite sa svog naloga, kola\u010di\u0107i za prijavljivanje \u0107e biti uklonjeni.   <\/p>\n\n<p>Ako izmenite ili objavite \u010dlanak, dodatni kola\u010di\u0107 \u0107e biti sa\u010duvan u va\u0161em pretra\u017eiva\u010du. Ovaj kola\u010di\u0107 ne sadr\u017ei li\u010dne podatke i jednostavno ozna\u010dava post ID \u010dlanka koji ste upravo uredili. Isti\u010de nakon 1 dana.<\/p>\n\n<h2 class=\"wp-block-heading\" id=\"embedded-content-from-other-websites\">Ugra\u0111eni sadr\u017eaj sa drugih sajtova<\/h2>\n\n<p><strong class=\"privacy-policy-tutorial\">Predlo\u017eeni tekst: <\/strong>\u010clanci na ovom sajtu mogu uklju\u010divati ugra\u0111eni sadr\u017eaj (npr. video zapise, slike, \u010dlanke itd.). Ugra\u0111eni sadr\u017eaj sa drugih veb stranica pona\u0161a se na isti na\u010din kao da je posetilac posetio drugu veb lokaciju. <\/p>\n\n<p>Ove veb stranice mogu prikupljati podatke o vama, koristiti kola\u010di\u0107e, ugra\u0111ivati dodatno pra\u0107enje tre\u0107e strane i pratiti va\u0161u interakciju sa tim ugra\u0111enim sadr\u017eajem, uklju\u010duju\u0107i pra\u0107enje va\u0161e interakcije sa ugra\u0111enim sadr\u017eajem ako imate nalog i prijavljeni ste na tu veb lokaciju.<\/p>\n\n<h2 class=\"wp-block-heading\" id=\"who-we-share-your-data-with\">Sa kim delimo va\u0161e podatke<\/h2>\n\n<p><strong class=\"privacy-policy-tutorial\">Predlo\u017eeni tekst: <\/strong>Ako zatra\u017eite resetovanje lozinke, va\u0161a IP adresa \u0107e biti uklju\u010dena u e-po\u0161tu za resetovanje.<\/p>\n\n<h2 class=\"wp-block-heading\" id=\"how-long-we-retain-your-data\">Koliko dugo zadr\u017eavamo va\u0161e podatke<\/h2>\n\n<p><strong class=\"privacy-policy-tutorial\">Predlo\u017eeni tekst: <\/strong>Ako ostavite komentar, komentar i njegovi metapodaci se zadr\u017eavaju na neodre\u0111eno vreme. To je tako da mo\u017eemo automatski prepoznati i odobriti sve naknadne komentare umesto da ih dr\u017eimo u redu za moderiranje. <\/p>\n\n<p>Za korisnike koji se registruju na na\u0161oj veb stranici (ako ih ima), tako\u0111e \u010duvamo li\u010dne podatke koje pru\u017eaju u svom korisni\u010dkom profilu. Svi korisnici mogu da vide, menjaju ili bri\u0161u svoje li\u010dne podatke u bilo kom trenutku (osim \u0161to ne mogu da promene svoje korisni\u010dko ime). Administratori sajta tako\u0111e mogu da vide i izmene te informacije.<\/p>\n\n<h2 class=\"wp-block-heading\" id=\"what-rights-you-have-over-your-data\">Koja prava imate nad svojim podacima<\/h2>\n\n<p><strong class=\"privacy-policy-tutorial\">Predlo\u017eeni tekst: <\/strong>Ako imate nalog na ovom sajtu ili ste ostavili komentare, mo\u017eete zatra\u017eiti da primite izvezenu datoteku li\u010dnih podataka koje imamo o vama, uklju\u010duju\u0107i i sve podatke koje ste nam dostavili. Tako\u0111e mo\u017eete zatra\u017eiti da izbri\u0161emo sve li\u010dne podatke koje imamo o vama. Ovo ne uklju\u010duje nikakve podatke koje smo du\u017eni da \u010duvamo u administrativne, pravne ili bezbednosne svrhe.  <\/p>\n\n<h2 class=\"wp-block-heading\" id=\"where-we-send-your-data\">Gde \u0161aljemo va\u0161e podatke<\/h2>\n\n<p><strong class=\"privacy-policy-tutorial\">Predlo\u017eeni tekst: <\/strong>Komentari posetilaca mogu se proveriti putem automatskog servisa za otkrivanje ne\u017eeljene po\u0161te.<\/p>\n","protected":false},"excerpt":{"rendered":"<p>\u041a\u043e \u0441\u043c\u043e \u043c\u0438 Predlo\u017eeni tekst: Adresa na\u0161eg sajta je: http:\/\/alfatest.ro. \u041a\u043e\u043c\u0435\u043d\u0442\u0430\u0440\u0438 Predlo\u017eeni tekst: Kada posetioci ostavljaju komentare na sajtu, prikupljamo podatke prikazane u obrascu za komentare, kao i IP adresu posetioca i niz korisni\u010dkog agenta pretra\u017eiva\u010da kako bismo pomogli u otkrivanju ne\u017eeljene po\u0161te. Anonimni niz kreiran sa va\u0161e adrese e-po\u0161te (koji se naziva i hash) [&hellip;]<\/p>\n","protected":false},"author":1,"featured_media":0,"parent":0,"menu_order":0,"comment_status":"closed","ping_status":"closed","template":"","meta":{"_monsterinsights_skip_tracking":false,"_monsterinsights_sitenote_active":false,"_monsterinsights_sitenote_note":"","_monsterinsights_sitenote_category":0,"_uf_show_specific_survey":0,"_uf_disable_surveys":false,"footnotes":""},"class_list":["post-6888","page","type-page","status-publish","hentry"],"featured_image_src":null,"yoast_head":"<!-- This site is optimized with the Yoast SEO plugin v26.8 - https:\/\/yoast.com\/product\/yoast-seo-wordpress\/ -->\n<title>Politika privatnosti - AlfaTest<\/title>\n<meta name=\"robots\" content=\"index, follow, max-snippet:-1, max-image-preview:large, max-video-preview:-1\" \/>\n<link rel=\"canonical\" href=\"https:\/\/alfatest.ro\/sr\/politika-privatnosti\/\" \/>\n<meta property=\"og:locale\" content=\"sr_RS\" \/>\n<meta property=\"og:type\" content=\"article\" \/>\n<meta property=\"og:title\" content=\"Politika privatnosti - AlfaTest\" \/>\n<meta property=\"og:description\" content=\"\u041a\u043e \u0441\u043c\u043e \u043c\u0438 Predlo\u017eeni tekst: Adresa na\u0161eg sajta je: http:\/\/alfatest.ro. \u041a\u043e\u043c\u0435\u043d\u0442\u0430\u0440\u0438 Predlo\u017eeni tekst: Kada posetioci ostavljaju komentare na sajtu, prikupljamo podatke prikazane u obrascu za komentare, kao i IP adresu posetioca i niz korisni\u010dkog agenta pretra\u017eiva\u010da kako bismo pomogli u otkrivanju ne\u017eeljene po\u0161te. Anonimni niz kreiran sa va\u0161e adrese e-po\u0161te (koji se naziva i hash) [&hellip;]\" \/>\n<meta property=\"og:url\" content=\"https:\/\/alfatest.ro\/sr\/politika-privatnosti\/\" \/>\n<meta property=\"og:site_name\" content=\"AlfaTest\" \/>\n<meta property=\"article:publisher\" content=\"https:\/\/ro-ro.facebook.com\/alfatest.ro\/\" \/>\n<meta property=\"article:modified_time\" content=\"2024-09-04T11:23:19+00:00\" \/>\n<meta name=\"twitter:card\" content=\"summary_large_image\" \/>\n<meta name=\"twitter:label1\" content=\"\u041f\u0440\u043e\u0446\u0435\u045a\u0435\u043d\u043e \u0432\u0440\u0435\u043c\u0435 \u0447\u0438\u0442\u0430\u045a\u0430\" \/>\n\t<meta name=\"twitter:data1\" content=\"3 \u043c\u0438\u043d\u0443\u0442\u0430\" \/>\n<script type=\"application\/ld+json\" class=\"yoast-schema-graph\">{\"@context\":\"https:\/\/schema.org\",\"@graph\":[{\"@type\":\"WebPage\",\"@id\":\"https:\/\/alfatest.ro\/sr\/politika-privatnosti\/\",\"url\":\"https:\/\/alfatest.ro\/sr\/politika-privatnosti\/\",\"name\":\"Politika privatnosti - AlfaTest\",\"isPartOf\":{\"@id\":\"https:\/\/alfatest.ro\/sr\/#website\"},\"datePublished\":\"2021-10-20T11:36:41+00:00\",\"dateModified\":\"2024-09-04T11:23:19+00:00\",\"breadcrumb\":{\"@id\":\"https:\/\/alfatest.ro\/sr\/politika-privatnosti\/#breadcrumb\"},\"inLanguage\":\"sr-RS\",\"potentialAction\":[{\"@type\":\"ReadAction\",\"target\":[\"https:\/\/alfatest.ro\/sr\/politika-privatnosti\/\"]}]},{\"@type\":\"BreadcrumbList\",\"@id\":\"https:\/\/alfatest.ro\/sr\/politika-privatnosti\/#breadcrumb\",\"itemListElement\":[{\"@type\":\"ListItem\",\"position\":1,\"name\":\"Home\",\"item\":\"https:\/\/alfatest.ro\/sr\/\"},{\"@type\":\"ListItem\",\"position\":2,\"name\":\"Politika privatnosti\"}]},{\"@type\":\"WebSite\",\"@id\":\"https:\/\/alfatest.ro\/sr\/#website\",\"url\":\"https:\/\/alfatest.ro\/sr\/\",\"name\":\"AlfaTest\",\"description\":\"Trusted partner for Automation &amp; Test\",\"publisher\":{\"@id\":\"https:\/\/alfatest.ro\/sr\/#organization\"},\"potentialAction\":[{\"@type\":\"SearchAction\",\"target\":{\"@type\":\"EntryPoint\",\"urlTemplate\":\"https:\/\/alfatest.ro\/sr\/?s={search_term_string}\"},\"query-input\":{\"@type\":\"PropertyValueSpecification\",\"valueRequired\":true,\"valueName\":\"search_term_string\"}}],\"inLanguage\":\"sr-RS\"},{\"@type\":\"Organization\",\"@id\":\"https:\/\/alfatest.ro\/sr\/#organization\",\"name\":\"AlfaTest\",\"url\":\"https:\/\/alfatest.ro\/sr\/\",\"logo\":{\"@type\":\"ImageObject\",\"inLanguage\":\"sr-RS\",\"@id\":\"https:\/\/alfatest.ro\/sr\/#\/schema\/logo\/image\/\",\"url\":\"https:\/\/alfatest.ro\/wp-content\/uploads\/2023\/06\/alfa-test-logo.png\",\"contentUrl\":\"https:\/\/alfatest.ro\/wp-content\/uploads\/2023\/06\/alfa-test-logo.png\",\"width\":58,\"height\":54,\"caption\":\"AlfaTest\"},\"image\":{\"@id\":\"https:\/\/alfatest.ro\/sr\/#\/schema\/logo\/image\/\"},\"sameAs\":[\"https:\/\/ro-ro.facebook.com\/alfatest.ro\/\",\"https:\/\/www.youtube.com\/user\/AlfaTestRomania\",\"https:\/\/ro.linkedin.com\/company\/alfa-test\"]}]}<\/script>\n<!-- \/ Yoast SEO plugin. -->","yoast_head_json":{"title":"Politika privatnosti - AlfaTest","robots":{"index":"index","follow":"follow","max-snippet":"max-snippet:-1","max-image-preview":"max-image-preview:large","max-video-preview":"max-video-preview:-1"},"canonical":"https:\/\/alfatest.ro\/sr\/politika-privatnosti\/","og_locale":"sr_RS","og_type":"article","og_title":"Politika privatnosti - AlfaTest","og_description":"\u041a\u043e \u0441\u043c\u043e \u043c\u0438 Predlo\u017eeni tekst: Adresa na\u0161eg sajta je: http:\/\/alfatest.ro. \u041a\u043e\u043c\u0435\u043d\u0442\u0430\u0440\u0438 Predlo\u017eeni tekst: Kada posetioci ostavljaju komentare na sajtu, prikupljamo podatke prikazane u obrascu za komentare, kao i IP adresu posetioca i niz korisni\u010dkog agenta pretra\u017eiva\u010da kako bismo pomogli u otkrivanju ne\u017eeljene po\u0161te. Anonimni niz kreiran sa va\u0161e adrese e-po\u0161te (koji se naziva i hash) [&hellip;]","og_url":"https:\/\/alfatest.ro\/sr\/politika-privatnosti\/","og_site_name":"AlfaTest","article_publisher":"https:\/\/ro-ro.facebook.com\/alfatest.ro\/","article_modified_time":"2024-09-04T11:23:19+00:00","twitter_card":"summary_large_image","twitter_misc":{"\u041f\u0440\u043e\u0446\u0435\u045a\u0435\u043d\u043e \u0432\u0440\u0435\u043c\u0435 \u0447\u0438\u0442\u0430\u045a\u0430":"3 \u043c\u0438\u043d\u0443\u0442\u0430"},"schema":{"@context":"https:\/\/schema.org","@graph":[{"@type":"WebPage","@id":"https:\/\/alfatest.ro\/sr\/politika-privatnosti\/","url":"https:\/\/alfatest.ro\/sr\/politika-privatnosti\/","name":"Politika privatnosti - AlfaTest","isPartOf":{"@id":"https:\/\/alfatest.ro\/sr\/#website"},"datePublished":"2021-10-20T11:36:41+00:00","dateModified":"2024-09-04T11:23:19+00:00","breadcrumb":{"@id":"https:\/\/alfatest.ro\/sr\/politika-privatnosti\/#breadcrumb"},"inLanguage":"sr-RS","potentialAction":[{"@type":"ReadAction","target":["https:\/\/alfatest.ro\/sr\/politika-privatnosti\/"]}]},{"@type":"BreadcrumbList","@id":"https:\/\/alfatest.ro\/sr\/politika-privatnosti\/#breadcrumb","itemListElement":[{"@type":"ListItem","position":1,"name":"Home","item":"https:\/\/alfatest.ro\/sr\/"},{"@type":"ListItem","position":2,"name":"Politika privatnosti"}]},{"@type":"WebSite","@id":"https:\/\/alfatest.ro\/sr\/#website","url":"https:\/\/alfatest.ro\/sr\/","name":"AlfaTest","description":"Trusted partner for Automation &amp; Test","publisher":{"@id":"https:\/\/alfatest.ro\/sr\/#organization"},"potentialAction":[{"@type":"SearchAction","target":{"@type":"EntryPoint","urlTemplate":"https:\/\/alfatest.ro\/sr\/?s={search_term_string}"},"query-input":{"@type":"PropertyValueSpecification","valueRequired":true,"valueName":"search_term_string"}}],"inLanguage":"sr-RS"},{"@type":"Organization","@id":"https:\/\/alfatest.ro\/sr\/#organization","name":"AlfaTest","url":"https:\/\/alfatest.ro\/sr\/","logo":{"@type":"ImageObject","inLanguage":"sr-RS","@id":"https:\/\/alfatest.ro\/sr\/#\/schema\/logo\/image\/","url":"https:\/\/alfatest.ro\/wp-content\/uploads\/2023\/06\/alfa-test-logo.png","contentUrl":"https:\/\/alfatest.ro\/wp-content\/uploads\/2023\/06\/alfa-test-logo.png","width":58,"height":54,"caption":"AlfaTest"},"image":{"@id":"https:\/\/alfatest.ro\/sr\/#\/schema\/logo\/image\/"},"sameAs":["https:\/\/ro-ro.facebook.com\/alfatest.ro\/","https:\/\/www.youtube.com\/user\/AlfaTestRomania","https:\/\/ro.linkedin.com\/company\/alfa-test"]}]}},"_links":{"self":[{"href":"https:\/\/alfatest.ro\/sr\/wp-json\/wp\/v2\/pages\/6888","targetHints":{"allow":["GET"]}}],"collection":[{"href":"https:\/\/alfatest.ro\/sr\/wp-json\/wp\/v2\/pages"}],"about":[{"href":"https:\/\/alfatest.ro\/sr\/wp-json\/wp\/v2\/types\/page"}],"author":[{"embeddable":true,"href":"https:\/\/alfatest.ro\/sr\/wp-json\/wp\/v2\/users\/1"}],"replies":[{"embeddable":true,"href":"https:\/\/alfatest.ro\/sr\/wp-json\/wp\/v2\/comments?post=6888"}],"version-history":[{"count":1,"href":"https:\/\/alfatest.ro\/sr\/wp-json\/wp\/v2\/pages\/6888\/revisions"}],"predecessor-version":[{"id":6889,"href":"https:\/\/alfatest.ro\/sr\/wp-json\/wp\/v2\/pages\/6888\/revisions\/6889"}],"wp:attachment":[{"href":"https:\/\/alfatest.ro\/sr\/wp-json\/wp\/v2\/media?parent=6888"}],"curies":[{"name":"wp","href":"https:\/\/api.w.org\/{rel}","templated":true}]}}