{"id":4662,"date":"2022-04-25T09:21:36","date_gmt":"2022-04-25T09:21:36","guid":{"rendered":"https:\/\/alfatest.ro\/%d0%b8%d0%b7%d0%bd%d0%b0%d1%98%d0%bc%d1%99%d0%b8%d0%b2%d0%b0%d1%9a%d0%b5\/"},"modified":"2024-05-30T14:20:44","modified_gmt":"2024-05-30T14:20:44","slug":"%d0%b8%d0%b7%d0%bd%d0%b0%d1%98%d0%bc%d1%99%d0%b8%d0%b2%d0%b0%d1%9a%d0%b5","status":"publish","type":"page","link":"https:\/\/alfatest.ro\/sr\/%d0%b8%d0%b7%d0%bd%d0%b0%d1%98%d0%bc%d1%99%d0%b8%d0%b2%d0%b0%d1%9a%d0%b5\/","title":{"rendered":"Iznajmljivanje"},"content":{"rendered":"\n<p><\/p>\n\n<div class=\"wp-block-columns rental-featured is-layout-flex wp-container-core-columns-is-layout-9d6595d7 wp-block-columns-is-layout-flex\">\n<div class=\"wp-block-column is-layout-flow wp-block-column-is-layout-flow\">\n<p><em>Iznajmljivanje opreme za testiranje i automatizaciju<\/em> je alternativa koju vec\u0301ina ne razmatra kada se jave trenutne ili kratkoro\u010dne potrebe za odre\u0111enim testom ili aplikacijom za automatizaciju. \u010cesto se pojavljuju kratkoro\u010dni ili trenutni zahtevi za opremom za testiranje; slu\u010dajevi kvara opreme, urgentni projekti, specifi\u010dno testiranje i mnoge druge okolnosti koje \u010dine iznajmljivanje opreme za testiranje i automatizaciju po\u017eeljnom opcijom. <\/p>\n\n\n\n<p><strong>Alfa Test stavlja vec\u0301inu svoje opreme za testiranje i automatizaciju na raspolaganje za iznajmljivanje. <\/strong><\/p>\n\n\n\n<p>Cene iznajmljivanja se razlikuju u zavisnosti od uslova i du\u017eine perioda zakupa. Ako imate ka\u0161njenja sa realizacijom projeka ili utvrdite da \u017eelite da zadr\u017eite opremu na du\u017ei vremenski period, kontaktirajte nas i mo\u017eemo da vas prebacimo na dugoro\u010dni ugovor o zakupu, smanjujuc\u0301i va\u0161e mese\u010dne rate. <\/p>\n\n\n\n<p>Iznajmljivanje opreme za testiranje i automatizaciju je odli\u010dan na\u010din da ispunite svoje kratkoro\u010dne potrebe za opremom. <\/p>\n\n\n\n<p>Kontaktirajte nas da vam pomognemo oko izbora, dostupnosti opreme, cenama i na\u010dinima naru\u010divanja.<\/p>\n<\/div>\n\n\n\n<div class=\"wp-block-column is-layout-flow wp-block-column-is-layout-flow\">\n<div class=\"wp-block-group has-shadow has-white-background-color has-background\"><div class=\"wp-block-group__inner-container is-layout-flow wp-block-group-is-layout-flow\">\n<h2 class=\"wp-block-heading\"><strong>Alfa Test Rental Program &#8211; klju\u010dne prednosti<\/strong><\/h2>\n\n\n\n<ul class=\"wp-block-list\"><li><strong><em>Dostupnost<\/em><\/strong> &#8211; Nudimo brzu isporuku sa zaliha i \u0161irok izbor proizvoda koje mo\u017eete izabrati. Nema potrebe za \u010dekanjem na dugo vreme isporuke od strane proizvo\u0111a\u010da.<\/li><li><strong><em>Konkurentne cene<\/em><\/strong> &#8211; Nudimo cene zakupa po malom procentu od stvarne vrednosti opreme. Za odre\u0111enu vrstu opreme je definisan minimalni period iznajmljivanja.<\/li><li><strong><em>Korisni\u010dka podr\u0161ka<\/em><\/strong> &#8211; stru\u010dnjaci Alfa Test-a pru\u017eaju tehni\u010dku podr\u0161ku poma\u017euc\u0301i vam da izaberete pravu konfiguraciju za va\u0161u primenu.<\/li><li><strong><em>Izbegnite odre\u0111ene tro\u0161kove opreme u vlasni\u0161tvu<\/em><\/strong> \u2013 iznajmljivanje elimini\u0161e tro\u0161kove odr\u017eavanja, kalibracije i popravke opreme, jer pru\u017ea predvidljive operativne tro\u0161kove.<\/li><li><strong><em>Rent-to-buy<\/em><\/strong> &#8211; Za vec\u0301inu na\u0161ih proizvoda nudimo moguc\u0301nost kupovine tako \u0161to odbijemo zna\u010dajan iznos cene zakupa, do odobrenja CAPEX-a.<\/li><\/ul>\n<\/div><\/div>\n<\/div>\n<\/div>\n\n<p><\/p>\n\n<div class=\"wp-block-cover alignfull\" style=\"min-height:100px;aspect-ratio:unset;\"><span aria-hidden=\"true\" class=\"wp-block-cover__background has-dodger-blue-background-color has-background-dim-100 has-background-dim\"><\/span><div class=\"wp-block-cover__inner-container is-layout-flow wp-block-cover-is-layout-flow\">\n<p class=\"has-text-align-center has-large-font-size\">Za upite o uslovima iznajmljivanja kontaktirajte nas putem email-a na <a href=\"mailto:info@alfatest.ro\" target=\"_blank\" rel=\"noreferrer noopener\">info@alfatest.ro<\/a><\/p>\n\n\n\n<p class=\"has-text-align-center has-small-font-size\">Obavezno navedite procenjeni period iznajmljivanja. Ponuda za iznajmljivanje c\u0301e vam biti poslata putem email-a u roku od 1 radnog dana.<\/p>\n<\/div><\/div>\n\n<p class=\"has-text-align-center\"><strong>Potrebne su Vam detaljnije informacije?<\/strong><br\/>Kontaktirajte na\u0161e odelenje prodaje ako imate dodatnih pitanja u vezi sa na\u0161im rental programom. Ako imate pitanja u vezi sa bilo kojim proizvodom navedenim na na\u0161oj web stranici, rado c\u0301emo vam dostaviti detaljnije tehni\u010dke specifikacije putem email-a.<\/p>\n","protected":false},"excerpt":{"rendered":"<p>Iznajmljivanje opreme za testiranje i automatizaciju je alternativa koju vec\u0301ina ne razmatra kada se jave trenutne ili kratkoro\u010dne potrebe za odre\u0111enim testom ili aplikacijom za automatizaciju. \u010cesto se pojavljuju kratkoro\u010dni ili trenutni zahtevi za opremom za testiranje; slu\u010dajevi kvara opreme, urgentni projekti, specifi\u010dno testiranje i mnoge druge okolnosti koje \u010dine iznajmljivanje opreme za testiranje i [&hellip;]<\/p>\n","protected":false},"author":1,"featured_media":0,"parent":0,"menu_order":0,"comment_status":"closed","ping_status":"closed","template":"","meta":{"_monsterinsights_skip_tracking":false,"_monsterinsights_sitenote_active":false,"_monsterinsights_sitenote_note":"","_monsterinsights_sitenote_category":0,"_uf_show_specific_survey":0,"_uf_disable_surveys":false,"footnotes":""},"class_list":["post-4662","page","type-page","status-publish","hentry"],"featured_image_src":null,"yoast_head":"<!-- This site is optimized with the Yoast SEO plugin v26.8 - https:\/\/yoast.com\/product\/yoast-seo-wordpress\/ -->\n<title>Iznajmljivanje - AlfaTest<\/title>\n<meta name=\"robots\" content=\"index, follow, max-snippet:-1, max-image-preview:large, max-video-preview:-1\" \/>\n<link rel=\"canonical\" href=\"https:\/\/alfatest.ro\/sr\/%d0%b8%d0%b7%d0%bd%d0%b0%d1%98%d0%bc%d1%99%d0%b8%d0%b2%d0%b0%d1%9a%d0%b5\/\" \/>\n<meta property=\"og:locale\" content=\"sr_RS\" \/>\n<meta property=\"og:type\" content=\"article\" \/>\n<meta property=\"og:title\" content=\"Iznajmljivanje - AlfaTest\" \/>\n<meta property=\"og:description\" content=\"Iznajmljivanje opreme za testiranje i automatizaciju je alternativa koju vec\u0301ina ne razmatra kada se jave trenutne ili kratkoro\u010dne potrebe za odre\u0111enim testom ili aplikacijom za automatizaciju. \u010cesto se pojavljuju kratkoro\u010dni ili trenutni zahtevi za opremom za testiranje; slu\u010dajevi kvara opreme, urgentni projekti, specifi\u010dno testiranje i mnoge druge okolnosti koje \u010dine iznajmljivanje opreme za testiranje i [&hellip;]\" \/>\n<meta property=\"og:url\" content=\"https:\/\/alfatest.ro\/sr\/%d0%b8%d0%b7%d0%bd%d0%b0%d1%98%d0%bc%d1%99%d0%b8%d0%b2%d0%b0%d1%9a%d0%b5\/\" \/>\n<meta property=\"og:site_name\" content=\"AlfaTest\" \/>\n<meta property=\"article:publisher\" content=\"https:\/\/ro-ro.facebook.com\/alfatest.ro\/\" \/>\n<meta property=\"article:modified_time\" content=\"2024-05-30T14:20:44+00:00\" \/>\n<meta name=\"twitter:card\" content=\"summary_large_image\" \/>\n<meta name=\"twitter:label1\" content=\"\u041f\u0440\u043e\u0446\u0435\u045a\u0435\u043d\u043e \u0432\u0440\u0435\u043c\u0435 \u0447\u0438\u0442\u0430\u045a\u0430\" \/>\n\t<meta name=\"twitter:data1\" content=\"2 \u043c\u0438\u043d\u0443\u0442\u0430\" \/>\n<script type=\"application\/ld+json\" class=\"yoast-schema-graph\">{\"@context\":\"https:\/\/schema.org\",\"@graph\":[{\"@type\":\"WebPage\",\"@id\":\"https:\/\/alfatest.ro\/sr\/%d0%b8%d0%b7%d0%bd%d0%b0%d1%98%d0%bc%d1%99%d0%b8%d0%b2%d0%b0%d1%9a%d0%b5\/\",\"url\":\"https:\/\/alfatest.ro\/sr\/%d0%b8%d0%b7%d0%bd%d0%b0%d1%98%d0%bc%d1%99%d0%b8%d0%b2%d0%b0%d1%9a%d0%b5\/\",\"name\":\"Iznajmljivanje - AlfaTest\",\"isPartOf\":{\"@id\":\"https:\/\/alfatest.ro\/sr\/#website\"},\"datePublished\":\"2022-04-25T09:21:36+00:00\",\"dateModified\":\"2024-05-30T14:20:44+00:00\",\"breadcrumb\":{\"@id\":\"https:\/\/alfatest.ro\/sr\/%d0%b8%d0%b7%d0%bd%d0%b0%d1%98%d0%bc%d1%99%d0%b8%d0%b2%d0%b0%d1%9a%d0%b5\/#breadcrumb\"},\"inLanguage\":\"sr-RS\",\"potentialAction\":[{\"@type\":\"ReadAction\",\"target\":[\"https:\/\/alfatest.ro\/sr\/%d0%b8%d0%b7%d0%bd%d0%b0%d1%98%d0%bc%d1%99%d0%b8%d0%b2%d0%b0%d1%9a%d0%b5\/\"]}]},{\"@type\":\"BreadcrumbList\",\"@id\":\"https:\/\/alfatest.ro\/sr\/%d0%b8%d0%b7%d0%bd%d0%b0%d1%98%d0%bc%d1%99%d0%b8%d0%b2%d0%b0%d1%9a%d0%b5\/#breadcrumb\",\"itemListElement\":[{\"@type\":\"ListItem\",\"position\":1,\"name\":\"Home\",\"item\":\"https:\/\/alfatest.ro\/sr\/\"},{\"@type\":\"ListItem\",\"position\":2,\"name\":\"Iznajmljivanje\"}]},{\"@type\":\"WebSite\",\"@id\":\"https:\/\/alfatest.ro\/sr\/#website\",\"url\":\"https:\/\/alfatest.ro\/sr\/\",\"name\":\"AlfaTest\",\"description\":\"Trusted partner for Automation &amp; Test\",\"publisher\":{\"@id\":\"https:\/\/alfatest.ro\/sr\/#organization\"},\"potentialAction\":[{\"@type\":\"SearchAction\",\"target\":{\"@type\":\"EntryPoint\",\"urlTemplate\":\"https:\/\/alfatest.ro\/sr\/?s={search_term_string}\"},\"query-input\":{\"@type\":\"PropertyValueSpecification\",\"valueRequired\":true,\"valueName\":\"search_term_string\"}}],\"inLanguage\":\"sr-RS\"},{\"@type\":\"Organization\",\"@id\":\"https:\/\/alfatest.ro\/sr\/#organization\",\"name\":\"AlfaTest\",\"url\":\"https:\/\/alfatest.ro\/sr\/\",\"logo\":{\"@type\":\"ImageObject\",\"inLanguage\":\"sr-RS\",\"@id\":\"https:\/\/alfatest.ro\/sr\/#\/schema\/logo\/image\/\",\"url\":\"https:\/\/alfatest.ro\/wp-content\/uploads\/2023\/06\/alfa-test-logo.png\",\"contentUrl\":\"https:\/\/alfatest.ro\/wp-content\/uploads\/2023\/06\/alfa-test-logo.png\",\"width\":58,\"height\":54,\"caption\":\"AlfaTest\"},\"image\":{\"@id\":\"https:\/\/alfatest.ro\/sr\/#\/schema\/logo\/image\/\"},\"sameAs\":[\"https:\/\/ro-ro.facebook.com\/alfatest.ro\/\",\"https:\/\/www.youtube.com\/user\/AlfaTestRomania\",\"https:\/\/ro.linkedin.com\/company\/alfa-test\"]}]}<\/script>\n<!-- \/ Yoast SEO plugin. -->","yoast_head_json":{"title":"Iznajmljivanje - AlfaTest","robots":{"index":"index","follow":"follow","max-snippet":"max-snippet:-1","max-image-preview":"max-image-preview:large","max-video-preview":"max-video-preview:-1"},"canonical":"https:\/\/alfatest.ro\/sr\/%d0%b8%d0%b7%d0%bd%d0%b0%d1%98%d0%bc%d1%99%d0%b8%d0%b2%d0%b0%d1%9a%d0%b5\/","og_locale":"sr_RS","og_type":"article","og_title":"Iznajmljivanje - AlfaTest","og_description":"Iznajmljivanje opreme za testiranje i automatizaciju je alternativa koju vec\u0301ina ne razmatra kada se jave trenutne ili kratkoro\u010dne potrebe za odre\u0111enim testom ili aplikacijom za automatizaciju. \u010cesto se pojavljuju kratkoro\u010dni ili trenutni zahtevi za opremom za testiranje; slu\u010dajevi kvara opreme, urgentni projekti, specifi\u010dno testiranje i mnoge druge okolnosti koje \u010dine iznajmljivanje opreme za testiranje i [&hellip;]","og_url":"https:\/\/alfatest.ro\/sr\/%d0%b8%d0%b7%d0%bd%d0%b0%d1%98%d0%bc%d1%99%d0%b8%d0%b2%d0%b0%d1%9a%d0%b5\/","og_site_name":"AlfaTest","article_publisher":"https:\/\/ro-ro.facebook.com\/alfatest.ro\/","article_modified_time":"2024-05-30T14:20:44+00:00","twitter_card":"summary_large_image","twitter_misc":{"\u041f\u0440\u043e\u0446\u0435\u045a\u0435\u043d\u043e \u0432\u0440\u0435\u043c\u0435 \u0447\u0438\u0442\u0430\u045a\u0430":"2 \u043c\u0438\u043d\u0443\u0442\u0430"},"schema":{"@context":"https:\/\/schema.org","@graph":[{"@type":"WebPage","@id":"https:\/\/alfatest.ro\/sr\/%d0%b8%d0%b7%d0%bd%d0%b0%d1%98%d0%bc%d1%99%d0%b8%d0%b2%d0%b0%d1%9a%d0%b5\/","url":"https:\/\/alfatest.ro\/sr\/%d0%b8%d0%b7%d0%bd%d0%b0%d1%98%d0%bc%d1%99%d0%b8%d0%b2%d0%b0%d1%9a%d0%b5\/","name":"Iznajmljivanje - AlfaTest","isPartOf":{"@id":"https:\/\/alfatest.ro\/sr\/#website"},"datePublished":"2022-04-25T09:21:36+00:00","dateModified":"2024-05-30T14:20:44+00:00","breadcrumb":{"@id":"https:\/\/alfatest.ro\/sr\/%d0%b8%d0%b7%d0%bd%d0%b0%d1%98%d0%bc%d1%99%d0%b8%d0%b2%d0%b0%d1%9a%d0%b5\/#breadcrumb"},"inLanguage":"sr-RS","potentialAction":[{"@type":"ReadAction","target":["https:\/\/alfatest.ro\/sr\/%d0%b8%d0%b7%d0%bd%d0%b0%d1%98%d0%bc%d1%99%d0%b8%d0%b2%d0%b0%d1%9a%d0%b5\/"]}]},{"@type":"BreadcrumbList","@id":"https:\/\/alfatest.ro\/sr\/%d0%b8%d0%b7%d0%bd%d0%b0%d1%98%d0%bc%d1%99%d0%b8%d0%b2%d0%b0%d1%9a%d0%b5\/#breadcrumb","itemListElement":[{"@type":"ListItem","position":1,"name":"Home","item":"https:\/\/alfatest.ro\/sr\/"},{"@type":"ListItem","position":2,"name":"Iznajmljivanje"}]},{"@type":"WebSite","@id":"https:\/\/alfatest.ro\/sr\/#website","url":"https:\/\/alfatest.ro\/sr\/","name":"AlfaTest","description":"Trusted partner for Automation &amp; Test","publisher":{"@id":"https:\/\/alfatest.ro\/sr\/#organization"},"potentialAction":[{"@type":"SearchAction","target":{"@type":"EntryPoint","urlTemplate":"https:\/\/alfatest.ro\/sr\/?s={search_term_string}"},"query-input":{"@type":"PropertyValueSpecification","valueRequired":true,"valueName":"search_term_string"}}],"inLanguage":"sr-RS"},{"@type":"Organization","@id":"https:\/\/alfatest.ro\/sr\/#organization","name":"AlfaTest","url":"https:\/\/alfatest.ro\/sr\/","logo":{"@type":"ImageObject","inLanguage":"sr-RS","@id":"https:\/\/alfatest.ro\/sr\/#\/schema\/logo\/image\/","url":"https:\/\/alfatest.ro\/wp-content\/uploads\/2023\/06\/alfa-test-logo.png","contentUrl":"https:\/\/alfatest.ro\/wp-content\/uploads\/2023\/06\/alfa-test-logo.png","width":58,"height":54,"caption":"AlfaTest"},"image":{"@id":"https:\/\/alfatest.ro\/sr\/#\/schema\/logo\/image\/"},"sameAs":["https:\/\/ro-ro.facebook.com\/alfatest.ro\/","https:\/\/www.youtube.com\/user\/AlfaTestRomania","https:\/\/ro.linkedin.com\/company\/alfa-test"]}]}},"_links":{"self":[{"href":"https:\/\/alfatest.ro\/sr\/wp-json\/wp\/v2\/pages\/4662","targetHints":{"allow":["GET"]}}],"collection":[{"href":"https:\/\/alfatest.ro\/sr\/wp-json\/wp\/v2\/pages"}],"about":[{"href":"https:\/\/alfatest.ro\/sr\/wp-json\/wp\/v2\/types\/page"}],"author":[{"embeddable":true,"href":"https:\/\/alfatest.ro\/sr\/wp-json\/wp\/v2\/users\/1"}],"replies":[{"embeddable":true,"href":"https:\/\/alfatest.ro\/sr\/wp-json\/wp\/v2\/comments?post=4662"}],"version-history":[{"count":8,"href":"https:\/\/alfatest.ro\/sr\/wp-json\/wp\/v2\/pages\/4662\/revisions"}],"predecessor-version":[{"id":5796,"href":"https:\/\/alfatest.ro\/sr\/wp-json\/wp\/v2\/pages\/4662\/revisions\/5796"}],"wp:attachment":[{"href":"https:\/\/alfatest.ro\/sr\/wp-json\/wp\/v2\/media?parent=4662"}],"curies":[{"name":"wp","href":"https:\/\/api.w.org\/{rel}","templated":true}]}}