{"id":4578,"date":"2022-04-25T09:04:28","date_gmt":"2022-04-25T09:04:28","guid":{"rendered":"https:\/\/alfatest.ro\/%d0%b0%d1%83%d1%82%d0%be%d0%bc%d0%b0%d1%82%d0%b8%d0%b7%d0%b0%d1%86%d0%b8%d1%98%d0%b0\/"},"modified":"2024-05-29T07:49:13","modified_gmt":"2024-05-29T07:49:13","slug":"%d0%b0%d1%83%d1%82%d0%be%d0%bc%d0%b0%d1%82%d0%b8%d0%b7%d0%b0%d1%86%d0%b8%d1%98%d0%b0","status":"publish","type":"page","link":"https:\/\/alfatest.ro\/sr\/%d0%b0%d1%83%d1%82%d0%be%d0%bc%d0%b0%d1%82%d0%b8%d0%b7%d0%b0%d1%86%d0%b8%d1%98%d0%b0\/","title":{"rendered":"Automatizacija"},"content":{"rendered":"\n<div class=\"wp-block-media-text alignwide has-media-on-the-right is-stacked-on-mobile is-vertically-aligned-top\" style=\"grid-template-columns:auto 30%\"><figure class=\"wp-block-media-text__media\"><img loading=\"lazy\" decoding=\"async\" width=\"1024\" height=\"1024\" src=\"https:\/\/alfatest.ro\/wp-content\/uploads\/2022\/04\/services-pictogram-1024x1024.png\" alt=\"\" class=\"wp-image-1187 size-full\" srcset=\"https:\/\/alfatest.ro\/wp-content\/uploads\/2022\/04\/services-pictogram-1024x1024.png 1024w, https:\/\/alfatest.ro\/wp-content\/uploads\/2022\/04\/services-pictogram-300x300.png 300w, https:\/\/alfatest.ro\/wp-content\/uploads\/2022\/04\/services-pictogram-150x150.png 150w, https:\/\/alfatest.ro\/wp-content\/uploads\/2022\/04\/services-pictogram-768x768.png 768w, https:\/\/alfatest.ro\/wp-content\/uploads\/2022\/04\/services-pictogram-680x680.png 680w, https:\/\/alfatest.ro\/wp-content\/uploads\/2022\/04\/services-pictogram-1080x1080.png 1080w, https:\/\/alfatest.ro\/wp-content\/uploads\/2022\/04\/services-pictogram-75x75.png 75w, https:\/\/alfatest.ro\/wp-content\/uploads\/2022\/04\/services-pictogram.png 1500w\" sizes=\"auto, (max-width: 1024px) 100vw, 1024px\" \/><\/figure><div class=\"wp-block-media-text__content\">\n<p>Alfa Test je kompanija fokusirana na automatizaciju procesa, na polju fleksibilne automatizacije. Kao Mir Excellent Partner i glavni distributer za UR robote u na\u0161em regionu, pru\u017eamo glavne usluge veze za ova 2 brenda i dodatnu opremu: prodaju, konsalting, podr\u0161ku i obuke.<\/p>\n\n\n\n<figure class=\"wp-block-image size-full\"><img loading=\"lazy\" decoding=\"async\" width=\"1000\" height=\"701\" src=\"https:\/\/alfatest.ro\/wp-content\/uploads\/2022\/09\/excellent-partner-photo.jpg\" alt=\"\" class=\"wp-image-1642\" srcset=\"https:\/\/alfatest.ro\/wp-content\/uploads\/2022\/09\/excellent-partner-photo.jpg 1000w, https:\/\/alfatest.ro\/wp-content\/uploads\/2022\/09\/excellent-partner-photo-300x210.jpg 300w, https:\/\/alfatest.ro\/wp-content\/uploads\/2022\/09\/excellent-partner-photo-768x538.jpg 768w, https:\/\/alfatest.ro\/wp-content\/uploads\/2022\/09\/excellent-partner-photo-680x477.jpg 680w\" sizes=\"auto, (max-width: 1000px) 100vw, 1000px\" \/><\/figure>\n\n\n\n<p>Ovde su navedene na\u0161e kompetencije kojima podr\u017eavamo korisnike u cilju uspe\u0161ne integracije projekata automatizacije.<\/p>\n\n\n\n<h2 class=\"wp-block-heading\"><strong>Razvoj mre\u017ee sistem integratora<\/strong><\/h2>\n\n\n\n<p>Strategija Alfa Test-a je kreiranje i pro\u0161irenje mre\u017ee sistem-integratora sa kojima blisko sara\u0111ujemo prilikom implementacije re\u0161enja automatizacije po principu \u201eklju\u010d u ruke\u201c krajnjim kupcima kori\u0161c\u0301enjem Universal Robots modele kao osnovu.<\/p>\n\n\n\n<h2 class=\"wp-block-heading\"><strong>Podr\u0161ka sistem integratorima <\/strong><\/h2>\n\n\n\n<p>Na\u0161e glavne kompetencije i stru\u010dnost delimo sa sistem-integratorima. Krajnje korisnike upu\u0107ujemo na UR sistem-integratore na osnovu sagledavanja o\u010dekivane aplikacije, lokacije korisnika i njihovih internih mogu\u0107nosti.<\/p>\n\n\n\n<h2 class=\"wp-block-heading\"><strong>Sertifikovani trening centar<\/strong><\/h2>\n\n\n\n<p>Alfa Test poseduje jedini sertifikovani Universal Robots trening centar u regionu. Na\u0161i sertifikovani in\u017eenjeri su u mogu\u0107nosti da dr\u017ee treninge i da pru\u017ee sistem-integratorima usluge i konsultacije u oblasti upravljanja projektima automatizacije, a kona\u010dni cilj je: zadovoljan krajnji korisnik.<\/p>\n\n\n\n<h2 class=\"wp-block-heading\"><strong>MiR (Motile Industrial robots) re\u0161enja po principu &#8222;klju\u010d u ruke&#8220;.<\/strong><\/h2>\n\n\n\n<p>Za MiR projekte radimo koordinaciju i isporu\u010dujemo re\u0161enja automatizacije procesa interne logistike po principu \u201eklju\u010d u ruke\u201c direktno krajnjem kupcu implementacijom flote MiR robota na fabri\u010dkom nivou.<\/p>\n<\/div><\/div>\n","protected":false},"excerpt":{"rendered":"","protected":false},"author":1,"featured_media":0,"parent":0,"menu_order":0,"comment_status":"closed","ping_status":"closed","template":"","meta":{"_monsterinsights_skip_tracking":false,"_monsterinsights_sitenote_active":false,"_monsterinsights_sitenote_note":"","_monsterinsights_sitenote_category":0,"_uf_show_specific_survey":0,"_uf_disable_surveys":false,"footnotes":""},"class_list":["post-4578","page","type-page","status-publish","hentry"],"featured_image_src":null,"yoast_head":"<!-- This site is optimized with the Yoast SEO plugin v26.8 - https:\/\/yoast.com\/product\/yoast-seo-wordpress\/ -->\n<title>Automatizacija - AlfaTest<\/title>\n<meta name=\"robots\" content=\"index, follow, max-snippet:-1, max-image-preview:large, max-video-preview:-1\" \/>\n<link rel=\"canonical\" href=\"https:\/\/alfatest.ro\/sr\/%d0%b0%d1%83%d1%82%d0%be%d0%bc%d0%b0%d1%82%d0%b8%d0%b7%d0%b0%d1%86%d0%b8%d1%98%d0%b0\/\" \/>\n<meta property=\"og:locale\" content=\"sr_RS\" \/>\n<meta property=\"og:type\" content=\"article\" \/>\n<meta property=\"og:title\" content=\"Automatizacija - AlfaTest\" \/>\n<meta property=\"og:url\" content=\"https:\/\/alfatest.ro\/sr\/%d0%b0%d1%83%d1%82%d0%be%d0%bc%d0%b0%d1%82%d0%b8%d0%b7%d0%b0%d1%86%d0%b8%d1%98%d0%b0\/\" \/>\n<meta property=\"og:site_name\" content=\"AlfaTest\" \/>\n<meta property=\"article:publisher\" content=\"https:\/\/ro-ro.facebook.com\/alfatest.ro\/\" \/>\n<meta property=\"article:modified_time\" content=\"2024-05-29T07:49:13+00:00\" \/>\n<meta property=\"og:image\" content=\"https:\/\/alfatest.ro\/wp-content\/uploads\/2022\/04\/services-pictogram-1024x1024.png\" \/>\n<meta name=\"twitter:card\" content=\"summary_large_image\" \/>\n<meta name=\"twitter:label1\" content=\"\u041f\u0440\u043e\u0446\u0435\u045a\u0435\u043d\u043e \u0432\u0440\u0435\u043c\u0435 \u0447\u0438\u0442\u0430\u045a\u0430\" \/>\n\t<meta name=\"twitter:data1\" content=\"1 \u043c\u0438\u043d\u0443\u0442\" \/>\n<script type=\"application\/ld+json\" class=\"yoast-schema-graph\">{\"@context\":\"https:\/\/schema.org\",\"@graph\":[{\"@type\":\"WebPage\",\"@id\":\"https:\/\/alfatest.ro\/sr\/%d0%b0%d1%83%d1%82%d0%be%d0%bc%d0%b0%d1%82%d0%b8%d0%b7%d0%b0%d1%86%d0%b8%d1%98%d0%b0\/\",\"url\":\"https:\/\/alfatest.ro\/sr\/%d0%b0%d1%83%d1%82%d0%be%d0%bc%d0%b0%d1%82%d0%b8%d0%b7%d0%b0%d1%86%d0%b8%d1%98%d0%b0\/\",\"name\":\"Automatizacija - AlfaTest\",\"isPartOf\":{\"@id\":\"https:\/\/alfatest.ro\/sr\/#website\"},\"primaryImageOfPage\":{\"@id\":\"https:\/\/alfatest.ro\/sr\/%d0%b0%d1%83%d1%82%d0%be%d0%bc%d0%b0%d1%82%d0%b8%d0%b7%d0%b0%d1%86%d0%b8%d1%98%d0%b0\/#primaryimage\"},\"image\":{\"@id\":\"https:\/\/alfatest.ro\/sr\/%d0%b0%d1%83%d1%82%d0%be%d0%bc%d0%b0%d1%82%d0%b8%d0%b7%d0%b0%d1%86%d0%b8%d1%98%d0%b0\/#primaryimage\"},\"thumbnailUrl\":\"https:\/\/alfatest.ro\/wp-content\/uploads\/2022\/04\/services-pictogram-1024x1024.png\",\"datePublished\":\"2022-04-25T09:04:28+00:00\",\"dateModified\":\"2024-05-29T07:49:13+00:00\",\"breadcrumb\":{\"@id\":\"https:\/\/alfatest.ro\/sr\/%d0%b0%d1%83%d1%82%d0%be%d0%bc%d0%b0%d1%82%d0%b8%d0%b7%d0%b0%d1%86%d0%b8%d1%98%d0%b0\/#breadcrumb\"},\"inLanguage\":\"sr-RS\",\"potentialAction\":[{\"@type\":\"ReadAction\",\"target\":[\"https:\/\/alfatest.ro\/sr\/%d0%b0%d1%83%d1%82%d0%be%d0%bc%d0%b0%d1%82%d0%b8%d0%b7%d0%b0%d1%86%d0%b8%d1%98%d0%b0\/\"]}]},{\"@type\":\"ImageObject\",\"inLanguage\":\"sr-RS\",\"@id\":\"https:\/\/alfatest.ro\/sr\/%d0%b0%d1%83%d1%82%d0%be%d0%bc%d0%b0%d1%82%d0%b8%d0%b7%d0%b0%d1%86%d0%b8%d1%98%d0%b0\/#primaryimage\",\"url\":\"https:\/\/alfatest.ro\/wp-content\/uploads\/2022\/04\/services-pictogram-1024x1024.png\",\"contentUrl\":\"https:\/\/alfatest.ro\/wp-content\/uploads\/2022\/04\/services-pictogram-1024x1024.png\"},{\"@type\":\"BreadcrumbList\",\"@id\":\"https:\/\/alfatest.ro\/sr\/%d0%b0%d1%83%d1%82%d0%be%d0%bc%d0%b0%d1%82%d0%b8%d0%b7%d0%b0%d1%86%d0%b8%d1%98%d0%b0\/#breadcrumb\",\"itemListElement\":[{\"@type\":\"ListItem\",\"position\":1,\"name\":\"Home\",\"item\":\"https:\/\/alfatest.ro\/sr\/\"},{\"@type\":\"ListItem\",\"position\":2,\"name\":\"Automatizacija\"}]},{\"@type\":\"WebSite\",\"@id\":\"https:\/\/alfatest.ro\/sr\/#website\",\"url\":\"https:\/\/alfatest.ro\/sr\/\",\"name\":\"AlfaTest\",\"description\":\"Trusted partner for Automation &amp; Test\",\"publisher\":{\"@id\":\"https:\/\/alfatest.ro\/sr\/#organization\"},\"potentialAction\":[{\"@type\":\"SearchAction\",\"target\":{\"@type\":\"EntryPoint\",\"urlTemplate\":\"https:\/\/alfatest.ro\/sr\/?s={search_term_string}\"},\"query-input\":{\"@type\":\"PropertyValueSpecification\",\"valueRequired\":true,\"valueName\":\"search_term_string\"}}],\"inLanguage\":\"sr-RS\"},{\"@type\":\"Organization\",\"@id\":\"https:\/\/alfatest.ro\/sr\/#organization\",\"name\":\"AlfaTest\",\"url\":\"https:\/\/alfatest.ro\/sr\/\",\"logo\":{\"@type\":\"ImageObject\",\"inLanguage\":\"sr-RS\",\"@id\":\"https:\/\/alfatest.ro\/sr\/#\/schema\/logo\/image\/\",\"url\":\"https:\/\/alfatest.ro\/wp-content\/uploads\/2023\/06\/alfa-test-logo.png\",\"contentUrl\":\"https:\/\/alfatest.ro\/wp-content\/uploads\/2023\/06\/alfa-test-logo.png\",\"width\":58,\"height\":54,\"caption\":\"AlfaTest\"},\"image\":{\"@id\":\"https:\/\/alfatest.ro\/sr\/#\/schema\/logo\/image\/\"},\"sameAs\":[\"https:\/\/ro-ro.facebook.com\/alfatest.ro\/\",\"https:\/\/www.youtube.com\/user\/AlfaTestRomania\",\"https:\/\/ro.linkedin.com\/company\/alfa-test\"]}]}<\/script>\n<!-- \/ Yoast SEO plugin. -->","yoast_head_json":{"title":"Automatizacija - AlfaTest","robots":{"index":"index","follow":"follow","max-snippet":"max-snippet:-1","max-image-preview":"max-image-preview:large","max-video-preview":"max-video-preview:-1"},"canonical":"https:\/\/alfatest.ro\/sr\/%d0%b0%d1%83%d1%82%d0%be%d0%bc%d0%b0%d1%82%d0%b8%d0%b7%d0%b0%d1%86%d0%b8%d1%98%d0%b0\/","og_locale":"sr_RS","og_type":"article","og_title":"Automatizacija - AlfaTest","og_url":"https:\/\/alfatest.ro\/sr\/%d0%b0%d1%83%d1%82%d0%be%d0%bc%d0%b0%d1%82%d0%b8%d0%b7%d0%b0%d1%86%d0%b8%d1%98%d0%b0\/","og_site_name":"AlfaTest","article_publisher":"https:\/\/ro-ro.facebook.com\/alfatest.ro\/","article_modified_time":"2024-05-29T07:49:13+00:00","og_image":[{"url":"https:\/\/alfatest.ro\/wp-content\/uploads\/2022\/04\/services-pictogram-1024x1024.png","type":"","width":"","height":""}],"twitter_card":"summary_large_image","twitter_misc":{"\u041f\u0440\u043e\u0446\u0435\u045a\u0435\u043d\u043e \u0432\u0440\u0435\u043c\u0435 \u0447\u0438\u0442\u0430\u045a\u0430":"1 \u043c\u0438\u043d\u0443\u0442"},"schema":{"@context":"https:\/\/schema.org","@graph":[{"@type":"WebPage","@id":"https:\/\/alfatest.ro\/sr\/%d0%b0%d1%83%d1%82%d0%be%d0%bc%d0%b0%d1%82%d0%b8%d0%b7%d0%b0%d1%86%d0%b8%d1%98%d0%b0\/","url":"https:\/\/alfatest.ro\/sr\/%d0%b0%d1%83%d1%82%d0%be%d0%bc%d0%b0%d1%82%d0%b8%d0%b7%d0%b0%d1%86%d0%b8%d1%98%d0%b0\/","name":"Automatizacija - AlfaTest","isPartOf":{"@id":"https:\/\/alfatest.ro\/sr\/#website"},"primaryImageOfPage":{"@id":"https:\/\/alfatest.ro\/sr\/%d0%b0%d1%83%d1%82%d0%be%d0%bc%d0%b0%d1%82%d0%b8%d0%b7%d0%b0%d1%86%d0%b8%d1%98%d0%b0\/#primaryimage"},"image":{"@id":"https:\/\/alfatest.ro\/sr\/%d0%b0%d1%83%d1%82%d0%be%d0%bc%d0%b0%d1%82%d0%b8%d0%b7%d0%b0%d1%86%d0%b8%d1%98%d0%b0\/#primaryimage"},"thumbnailUrl":"https:\/\/alfatest.ro\/wp-content\/uploads\/2022\/04\/services-pictogram-1024x1024.png","datePublished":"2022-04-25T09:04:28+00:00","dateModified":"2024-05-29T07:49:13+00:00","breadcrumb":{"@id":"https:\/\/alfatest.ro\/sr\/%d0%b0%d1%83%d1%82%d0%be%d0%bc%d0%b0%d1%82%d0%b8%d0%b7%d0%b0%d1%86%d0%b8%d1%98%d0%b0\/#breadcrumb"},"inLanguage":"sr-RS","potentialAction":[{"@type":"ReadAction","target":["https:\/\/alfatest.ro\/sr\/%d0%b0%d1%83%d1%82%d0%be%d0%bc%d0%b0%d1%82%d0%b8%d0%b7%d0%b0%d1%86%d0%b8%d1%98%d0%b0\/"]}]},{"@type":"ImageObject","inLanguage":"sr-RS","@id":"https:\/\/alfatest.ro\/sr\/%d0%b0%d1%83%d1%82%d0%be%d0%bc%d0%b0%d1%82%d0%b8%d0%b7%d0%b0%d1%86%d0%b8%d1%98%d0%b0\/#primaryimage","url":"https:\/\/alfatest.ro\/wp-content\/uploads\/2022\/04\/services-pictogram-1024x1024.png","contentUrl":"https:\/\/alfatest.ro\/wp-content\/uploads\/2022\/04\/services-pictogram-1024x1024.png"},{"@type":"BreadcrumbList","@id":"https:\/\/alfatest.ro\/sr\/%d0%b0%d1%83%d1%82%d0%be%d0%bc%d0%b0%d1%82%d0%b8%d0%b7%d0%b0%d1%86%d0%b8%d1%98%d0%b0\/#breadcrumb","itemListElement":[{"@type":"ListItem","position":1,"name":"Home","item":"https:\/\/alfatest.ro\/sr\/"},{"@type":"ListItem","position":2,"name":"Automatizacija"}]},{"@type":"WebSite","@id":"https:\/\/alfatest.ro\/sr\/#website","url":"https:\/\/alfatest.ro\/sr\/","name":"AlfaTest","description":"Trusted partner for Automation &amp; Test","publisher":{"@id":"https:\/\/alfatest.ro\/sr\/#organization"},"potentialAction":[{"@type":"SearchAction","target":{"@type":"EntryPoint","urlTemplate":"https:\/\/alfatest.ro\/sr\/?s={search_term_string}"},"query-input":{"@type":"PropertyValueSpecification","valueRequired":true,"valueName":"search_term_string"}}],"inLanguage":"sr-RS"},{"@type":"Organization","@id":"https:\/\/alfatest.ro\/sr\/#organization","name":"AlfaTest","url":"https:\/\/alfatest.ro\/sr\/","logo":{"@type":"ImageObject","inLanguage":"sr-RS","@id":"https:\/\/alfatest.ro\/sr\/#\/schema\/logo\/image\/","url":"https:\/\/alfatest.ro\/wp-content\/uploads\/2023\/06\/alfa-test-logo.png","contentUrl":"https:\/\/alfatest.ro\/wp-content\/uploads\/2023\/06\/alfa-test-logo.png","width":58,"height":54,"caption":"AlfaTest"},"image":{"@id":"https:\/\/alfatest.ro\/sr\/#\/schema\/logo\/image\/"},"sameAs":["https:\/\/ro-ro.facebook.com\/alfatest.ro\/","https:\/\/www.youtube.com\/user\/AlfaTestRomania","https:\/\/ro.linkedin.com\/company\/alfa-test"]}]}},"_links":{"self":[{"href":"https:\/\/alfatest.ro\/sr\/wp-json\/wp\/v2\/pages\/4578","targetHints":{"allow":["GET"]}}],"collection":[{"href":"https:\/\/alfatest.ro\/sr\/wp-json\/wp\/v2\/pages"}],"about":[{"href":"https:\/\/alfatest.ro\/sr\/wp-json\/wp\/v2\/types\/page"}],"author":[{"embeddable":true,"href":"https:\/\/alfatest.ro\/sr\/wp-json\/wp\/v2\/users\/1"}],"replies":[{"embeddable":true,"href":"https:\/\/alfatest.ro\/sr\/wp-json\/wp\/v2\/comments?post=4578"}],"version-history":[{"count":4,"href":"https:\/\/alfatest.ro\/sr\/wp-json\/wp\/v2\/pages\/4578\/revisions"}],"predecessor-version":[{"id":5774,"href":"https:\/\/alfatest.ro\/sr\/wp-json\/wp\/v2\/pages\/4578\/revisions\/5774"}],"wp:attachment":[{"href":"https:\/\/alfatest.ro\/sr\/wp-json\/wp\/v2\/media?parent=4578"}],"curies":[{"name":"wp","href":"https:\/\/api.w.org\/{rel}","templated":true}]}}