{"id":4566,"date":"2022-04-25T08:54:25","date_gmt":"2022-04-25T08:54:25","guid":{"rendered":"https:\/\/alfatest.ro\/%d0%be-%d1%82%d0%be%d0%bc%d0%b5\/"},"modified":"2026-01-28T14:27:12","modified_gmt":"2026-01-28T14:27:12","slug":"%d0%be-%d1%82%d0%be%d0%bc%d0%b5","status":"publish","type":"page","link":"https:\/\/alfatest.ro\/sr\/%d0%be-%d1%82%d0%be%d0%bc%d0%b5\/","title":{"rendered":"O nama"},"content":{"rendered":"\n<div class=\"wp-block-media-text alignwide is-stacked-on-mobile is-vertically-aligned-top\"><figure class=\"wp-block-media-text__media\"><img loading=\"lazy\" decoding=\"async\" width=\"1024\" height=\"707\" src=\"https:\/\/alfatest.ro\/wp-content\/uploads\/2025\/05\/alfa-test-map-headquarters-and-clients-locations-1024x707.png\" alt=\"Alfa Test headquarters and customers location across Balkan region and Ukraine.\" class=\"wp-image-9773 size-full\" srcset=\"https:\/\/alfatest.ro\/wp-content\/uploads\/2025\/05\/alfa-test-map-headquarters-and-clients-locations-1024x707.png 1024w, https:\/\/alfatest.ro\/wp-content\/uploads\/2025\/05\/alfa-test-map-headquarters-and-clients-locations-300x207.png 300w, https:\/\/alfatest.ro\/wp-content\/uploads\/2025\/05\/alfa-test-map-headquarters-and-clients-locations-768x530.png 768w, https:\/\/alfatest.ro\/wp-content\/uploads\/2025\/05\/alfa-test-map-headquarters-and-clients-locations-680x469.png 680w, https:\/\/alfatest.ro\/wp-content\/uploads\/2025\/05\/alfa-test-map-headquarters-and-clients-locations-1080x746.png 1080w, https:\/\/alfatest.ro\/wp-content\/uploads\/2025\/05\/alfa-test-map-headquarters-and-clients-locations.png 1114w\" sizes=\"auto, (max-width: 1024px) 100vw, 1024px\" \/><\/figure><div class=\"wp-block-media-text__content\">\n<h2 class=\"wp-block-heading has-large-font-size\">Alfa Test<\/h2>\n\n\n\n<p>Kompanija Alfa Test je osnovana 2002. godine, sa ciljem da podr\u017ei Teradine opremu za In-Circuit testiranje u Rumuniji. Danas smo jedina kompanija u regionu koja je u moguc\u0301nosti da ponudi kompletna re\u0161enja za faze inspekcije i testiranja: AOI, X-Ray, Flying Probe, In-Circuit Test, Boundary Scan, Functional Test i Flash Programming. Pored toga, oslanjamo se na najsavremenije alate za dizajn softvera za analizu testova i generisanje testnih programa. Tako\u0111e obezbe\u0111ujemo re\u0161enja za automatizaciju po principu \u201eklju\u010d u ruke\u201c sa MiR autonomnim mobilnim robotima i delujemo kao glavni distributer Universal Robots-a, pru\u017eajuc\u0301i obuku kroz prvi UR sertifikovani centar za obuku u regionu.  <\/p>\n\n\n\n<p>Sa sedi\u0161tem u Temi\u0161varu\/Rumunija i sa kancelarijom u Ni\u0161u\/Srbija za zemlje Balkana koje je otvorena 2019. godine, sada pru\u017eamo veoma dobru komunikaciju i lokalnu podr\u0161ku za na\u0161e klijente iz balkanskih zemalja i centralne Evrope. Kada identifikujemo va\u0161e potrebe, na\u0161 tim od 25 profesionalaca c\u0301e dokazati da smo vredan partner. <\/p>\n\n\n\n<p>Kao MIR Excelent Partner partner i glavni distributer za Universal Robots u ovoj oblasti prodali smo vi\u0161e od 500 AMR-a i kobota. Imamo najve\u0107u instaliranu flotu MIR robota na jednoj korisni\u010dkoj lokaciji u Evropi.<\/p>\n\n\n\n<p>Vi\u0161e od 400 jedinica opreme za testiranje i inspekciju pokriva tim za podr\u0161ku ALFA TEST-a. Razvili smo vi\u0161e od 1000 programa za flying-probe testiranje i preko 500 aplikacija za InCircuit testiranje koji se koriste u fazama testiranja kod na\u0161ih korisnika. Na\u0161e znanje svakodnevno raste zbog pove\u0107anog broja kupaca u 20 zemalja, gde smo ve\u0107 razvili projekte u razli\u010ditim tr\u017ei\u0161nim segmentima kao \u0161to su: automobilska, elektronska, logisti\u010dka, industrijska, telekomunikaciona, medicinska i vojna industrija.<\/p>\n<\/div><\/div>\n\n<div class=\"wp-block-media-text has-media-on-the-right is-stacked-on-mobile\"><div class=\"wp-block-media-text__content\">\n<h2 class=\"wp-block-heading\">Misija i vizija<\/h2>\n\n\n\n<p>Na\u0161a misija je da obezbedimo najpogodnija re\u0161enja po principu klju\u010d-u-ruke za poslove automatizacije, inspekcije i test re\u0161enja, koji zadovoljavaju potrebe na\u0161ih kupaca za isporukom visoko kvalitetnih proizvoda.<br\/>Na\u0161a vizija je da budemo vrhunski dobavlja\u010d re\u0161enja, opreme i usluga za automobilsku, elektronsku i logisti\u010dku industriju u isto\u010dnoj Evropi, kroz stru\u010dnost, fleksibilnost i posve\u0107enost.<\/p>\n<\/div><figure class=\"wp-block-media-text__media\"><img loading=\"lazy\" decoding=\"async\" width=\"1000\" height=\"667\" src=\"https:\/\/alfatest.ro\/wp-content\/uploads\/2024\/11\/team.jpg\" alt=\"\" class=\"wp-image-7778 size-full\" srcset=\"https:\/\/alfatest.ro\/wp-content\/uploads\/2024\/11\/team.jpg 1000w, https:\/\/alfatest.ro\/wp-content\/uploads\/2024\/11\/team-300x200.jpg 300w, https:\/\/alfatest.ro\/wp-content\/uploads\/2024\/11\/team-768x512.jpg 768w, https:\/\/alfatest.ro\/wp-content\/uploads\/2024\/11\/team-680x454.jpg 680w\" sizes=\"auto, (max-width: 1000px) 100vw, 1000px\" \/><\/figure><\/div>\n\n<h2 class=\"wp-block-heading\">Objekti<\/h2>\n\n<p>Imamo 350 kvadratnih metara u vlasni\u0161tvu, demo\/trening centar, kancelarije za prodaju i za podr\u0161ku i potpuno opremljenu laboratoriju. Na\u0161 portfolio opreme dostupan za obuke, demonstracije, razvoj re\u0161enja po principu \u201eklju\u010d u ruke\u201c ili testiranje i analize u malim serijama uklju\u010duje: <\/p>\n\n<ul class=\"wp-block-list\">\n<li>Teradyne ICT (TSO52, 228X, Spectrum, TSLH)<\/li>\n\n\n\n<li>Takaya Flying Probe (APT 1400-F)<\/li>\n\n\n\n<li>Mirtec MV-6 OMNI<\/li>\n\n\n\n<li>Microme|x neo180<\/li>\n\n\n\n<li>Goepel Boundary Scan<\/li>\n\n\n\n<li>Litepoint Wireless Testing<\/li>\n\n\n\n<li>SMH In System Programmers<\/li>\n\n\n\n<li>Aster Test Way Software<\/li>\n\n\n\n<li>Universal Robots 3e, 5e, 10e<\/li>\n\n\n\n<li>MiR 1200 Pallet Jack<\/li>\n\n\n\n<li>ROEQ Top Module<\/li>\n\n\n\n<li>MiR Hook<\/li>\n\n\n\n<li>MiR 250 Shelf Carrier<\/li>\n\n\n\n<li>2 x MiR 250 Cart<\/li>\n<\/ul>\n\n<p>Svi ovi sistemi su instalirani i spremni da se koriste ili da se prilagode za odre\u0111ene aplikacije. Imamo sve alate i stru\u010dnost neophodnu za razvoj i integraciju slo\u017eenih testnih re\u0161enja. Svako re\u0161enje za kupce mo\u017ee se kasnije rasporediti bilo gde u Evropi zajedno sa odgovaraju\u0107im pode\u0161avanjem, dokumentacijom i obukom.<\/p>\n\n<p>Pored toga, u na\u0161oj namenskoj mehani\u010dkoj radionici od 200 m2 sastavljamo re\u0161enja za robotizovane c\u0301elije za automatizaciju i vr\u0161imo probe pre isporuke na lokaciju korisnika.<\/p>\n\n<h2 class=\"wp-block-heading\"><strong>Alfa test bro\u0161ura <\/strong><\/h2>\n\n<p>Oprema, usluge i aplikacije<\/p>\n\n<div class=\"wp-block-buttons is-layout-flex wp-block-buttons-is-layout-flex\">\n<div class=\"wp-block-button\"><a class=\"wp-block-button__link wp-element-button\" href=\"&lt;!--[CDATA[https:\/\/alfatest.ro\/wp-content\/uploads\/2025\/12\/Alfa-Test-brochure-site.pdf]]--&gt;\">Preuzmite ovde <\/a><\/div>\n<\/div>\n","protected":false},"excerpt":{"rendered":"<p>Alfa Test Kompanija Alfa Test je osnovana 2002. godine, sa ciljem da podr\u017ei Teradine opremu za In-Circuit testiranje u Rumuniji. Danas smo jedina kompanija u regionu koja je u moguc\u0301nosti da ponudi kompletna re\u0161enja za faze inspekcije i testiranja: AOI, X-Ray, Flying Probe, In-Circuit Test, Boundary Scan, Functional Test i Flash Programming. Pored toga, oslanjamo [&hellip;]<\/p>\n","protected":false},"author":2,"featured_media":0,"parent":0,"menu_order":0,"comment_status":"closed","ping_status":"closed","template":"","meta":{"_monsterinsights_skip_tracking":false,"_monsterinsights_sitenote_active":false,"_monsterinsights_sitenote_note":"","_monsterinsights_sitenote_category":0,"_uf_show_specific_survey":0,"_uf_disable_surveys":false,"footnotes":""},"class_list":["post-4566","page","type-page","status-publish","hentry"],"featured_image_src":null,"yoast_head":"<!-- This site is optimized with the Yoast SEO plugin v26.8 - https:\/\/yoast.com\/product\/yoast-seo-wordpress\/ -->\n<title>Complete solutions for inspection &amp; test stages: AOI, X-Ray, Flying Probe, In-Circuit Test, Boundary Scan, Functional Test and Flash Programming. We also provide turnkey automation solutions with MiR autonomous mobile robots and serve as the main distributor of Universal Robots, -<\/title>\n<meta name=\"description\" content=\"Discover Alfa Test, a premier provider of inspection, test and automation solutions in Eastern &amp; Central Europe. We offer AOI, X-Ray, Flying Probe, In-Circuit Testing, MiR robots, and Universal Robots. Trusted by over 500 customers in 20 countries.\" \/>\n<meta name=\"robots\" content=\"index, follow, max-snippet:-1, max-image-preview:large, max-video-preview:-1\" \/>\n<link rel=\"canonical\" href=\"https:\/\/alfatest.ro\/sr\/%d0%be-%d1%82%d0%be%d0%bc%d0%b5\/\" \/>\n<meta property=\"og:locale\" content=\"sr_RS\" \/>\n<meta property=\"og:type\" content=\"article\" \/>\n<meta property=\"og:title\" content=\"Complete solutions for inspection &amp; test stages: AOI, X-Ray, Flying Probe, In-Circuit Test, Boundary Scan, Functional Test and Flash Programming. We also provide turnkey automation solutions with MiR autonomous mobile robots and serve as the main distributor of Universal Robots, -\" \/>\n<meta property=\"og:description\" content=\"Discover Alfa Test, a premier provider of inspection, test and automation solutions in Eastern &amp; Central Europe. We offer AOI, X-Ray, Flying Probe, In-Circuit Testing, MiR robots, and Universal Robots. Trusted by over 500 customers in 20 countries.\" \/>\n<meta property=\"og:url\" content=\"https:\/\/alfatest.ro\/sr\/%d0%be-%d1%82%d0%be%d0%bc%d0%b5\/\" \/>\n<meta property=\"og:site_name\" content=\"AlfaTest\" \/>\n<meta property=\"article:publisher\" content=\"https:\/\/ro-ro.facebook.com\/alfatest.ro\/\" \/>\n<meta property=\"article:modified_time\" content=\"2026-01-28T14:27:12+00:00\" \/>\n<meta property=\"og:image\" content=\"https:\/\/alfatest.ro\/wp-content\/uploads\/2025\/05\/alfa-test-map-headquarters-and-clients-locations.png\" \/>\n\t<meta property=\"og:image:width\" content=\"1114\" \/>\n\t<meta property=\"og:image:height\" content=\"769\" \/>\n\t<meta property=\"og:image:type\" content=\"image\/png\" \/>\n<meta name=\"twitter:card\" content=\"summary_large_image\" \/>\n<meta name=\"twitter:label1\" content=\"\u041f\u0440\u043e\u0446\u0435\u045a\u0435\u043d\u043e \u0432\u0440\u0435\u043c\u0435 \u0447\u0438\u0442\u0430\u045a\u0430\" \/>\n\t<meta name=\"twitter:data1\" content=\"3 \u043c\u0438\u043d\u0443\u0442\u0430\" \/>\n<script type=\"application\/ld+json\" class=\"yoast-schema-graph\">{\"@context\":\"https:\/\/schema.org\",\"@graph\":[{\"@type\":\"WebPage\",\"@id\":\"https:\/\/alfatest.ro\/sr\/%d0%be-%d1%82%d0%be%d0%bc%d0%b5\/\",\"url\":\"https:\/\/alfatest.ro\/sr\/%d0%be-%d1%82%d0%be%d0%bc%d0%b5\/\",\"name\":\"Complete solutions for inspection & test stages: AOI, X-Ray, Flying Probe, In-Circuit Test, Boundary Scan, Functional Test and Flash Programming. We also provide turnkey automation solutions with MiR autonomous mobile robots and serve as the main distributor of Universal Robots, -\",\"isPartOf\":{\"@id\":\"https:\/\/alfatest.ro\/sr\/#website\"},\"primaryImageOfPage\":{\"@id\":\"https:\/\/alfatest.ro\/sr\/%d0%be-%d1%82%d0%be%d0%bc%d0%b5\/#primaryimage\"},\"image\":{\"@id\":\"https:\/\/alfatest.ro\/sr\/%d0%be-%d1%82%d0%be%d0%bc%d0%b5\/#primaryimage\"},\"thumbnailUrl\":\"https:\/\/alfatest.ro\/wp-content\/uploads\/2025\/05\/alfa-test-map-headquarters-and-clients-locations-1024x707.png\",\"datePublished\":\"2022-04-25T08:54:25+00:00\",\"dateModified\":\"2026-01-28T14:27:12+00:00\",\"description\":\"Discover Alfa Test, a premier provider of inspection, test and automation solutions in Eastern & Central Europe. We offer AOI, X-Ray, Flying Probe, In-Circuit Testing, MiR robots, and Universal Robots. Trusted by over 500 customers in 20 countries.\",\"breadcrumb\":{\"@id\":\"https:\/\/alfatest.ro\/sr\/%d0%be-%d1%82%d0%be%d0%bc%d0%b5\/#breadcrumb\"},\"inLanguage\":\"sr-RS\",\"potentialAction\":[{\"@type\":\"ReadAction\",\"target\":[\"https:\/\/alfatest.ro\/sr\/%d0%be-%d1%82%d0%be%d0%bc%d0%b5\/\"]}]},{\"@type\":\"ImageObject\",\"inLanguage\":\"sr-RS\",\"@id\":\"https:\/\/alfatest.ro\/sr\/%d0%be-%d1%82%d0%be%d0%bc%d0%b5\/#primaryimage\",\"url\":\"https:\/\/alfatest.ro\/wp-content\/uploads\/2025\/05\/alfa-test-map-headquarters-and-clients-locations-1024x707.png\",\"contentUrl\":\"https:\/\/alfatest.ro\/wp-content\/uploads\/2025\/05\/alfa-test-map-headquarters-and-clients-locations-1024x707.png\"},{\"@type\":\"BreadcrumbList\",\"@id\":\"https:\/\/alfatest.ro\/sr\/%d0%be-%d1%82%d0%be%d0%bc%d0%b5\/#breadcrumb\",\"itemListElement\":[{\"@type\":\"ListItem\",\"position\":1,\"name\":\"Home\",\"item\":\"https:\/\/alfatest.ro\/sr\/\"},{\"@type\":\"ListItem\",\"position\":2,\"name\":\"O nama\"}]},{\"@type\":\"WebSite\",\"@id\":\"https:\/\/alfatest.ro\/sr\/#website\",\"url\":\"https:\/\/alfatest.ro\/sr\/\",\"name\":\"AlfaTest\",\"description\":\"Trusted partner for Automation &amp; Test\",\"publisher\":{\"@id\":\"https:\/\/alfatest.ro\/sr\/#organization\"},\"potentialAction\":[{\"@type\":\"SearchAction\",\"target\":{\"@type\":\"EntryPoint\",\"urlTemplate\":\"https:\/\/alfatest.ro\/sr\/?s={search_term_string}\"},\"query-input\":{\"@type\":\"PropertyValueSpecification\",\"valueRequired\":true,\"valueName\":\"search_term_string\"}}],\"inLanguage\":\"sr-RS\"},{\"@type\":\"Organization\",\"@id\":\"https:\/\/alfatest.ro\/sr\/#organization\",\"name\":\"AlfaTest\",\"url\":\"https:\/\/alfatest.ro\/sr\/\",\"logo\":{\"@type\":\"ImageObject\",\"inLanguage\":\"sr-RS\",\"@id\":\"https:\/\/alfatest.ro\/sr\/#\/schema\/logo\/image\/\",\"url\":\"https:\/\/alfatest.ro\/wp-content\/uploads\/2023\/06\/alfa-test-logo.png\",\"contentUrl\":\"https:\/\/alfatest.ro\/wp-content\/uploads\/2023\/06\/alfa-test-logo.png\",\"width\":58,\"height\":54,\"caption\":\"AlfaTest\"},\"image\":{\"@id\":\"https:\/\/alfatest.ro\/sr\/#\/schema\/logo\/image\/\"},\"sameAs\":[\"https:\/\/ro-ro.facebook.com\/alfatest.ro\/\",\"https:\/\/www.youtube.com\/user\/AlfaTestRomania\",\"https:\/\/ro.linkedin.com\/company\/alfa-test\"]}]}<\/script>\n<!-- \/ Yoast SEO plugin. -->","yoast_head_json":{"title":"Complete solutions for inspection & test stages: AOI, X-Ray, Flying Probe, In-Circuit Test, Boundary Scan, Functional Test and Flash Programming. We also provide turnkey automation solutions with MiR autonomous mobile robots and serve as the main distributor of Universal Robots, -","description":"Discover Alfa Test, a premier provider of inspection, test and automation solutions in Eastern & Central Europe. We offer AOI, X-Ray, Flying Probe, In-Circuit Testing, MiR robots, and Universal Robots. Trusted by over 500 customers in 20 countries.","robots":{"index":"index","follow":"follow","max-snippet":"max-snippet:-1","max-image-preview":"max-image-preview:large","max-video-preview":"max-video-preview:-1"},"canonical":"https:\/\/alfatest.ro\/sr\/%d0%be-%d1%82%d0%be%d0%bc%d0%b5\/","og_locale":"sr_RS","og_type":"article","og_title":"Complete solutions for inspection & test stages: AOI, X-Ray, Flying Probe, In-Circuit Test, Boundary Scan, Functional Test and Flash Programming. We also provide turnkey automation solutions with MiR autonomous mobile robots and serve as the main distributor of Universal Robots, -","og_description":"Discover Alfa Test, a premier provider of inspection, test and automation solutions in Eastern & Central Europe. We offer AOI, X-Ray, Flying Probe, In-Circuit Testing, MiR robots, and Universal Robots. Trusted by over 500 customers in 20 countries.","og_url":"https:\/\/alfatest.ro\/sr\/%d0%be-%d1%82%d0%be%d0%bc%d0%b5\/","og_site_name":"AlfaTest","article_publisher":"https:\/\/ro-ro.facebook.com\/alfatest.ro\/","article_modified_time":"2026-01-28T14:27:12+00:00","og_image":[{"width":1114,"height":769,"url":"https:\/\/alfatest.ro\/wp-content\/uploads\/2025\/05\/alfa-test-map-headquarters-and-clients-locations.png","type":"image\/png"}],"twitter_card":"summary_large_image","twitter_misc":{"\u041f\u0440\u043e\u0446\u0435\u045a\u0435\u043d\u043e \u0432\u0440\u0435\u043c\u0435 \u0447\u0438\u0442\u0430\u045a\u0430":"3 \u043c\u0438\u043d\u0443\u0442\u0430"},"schema":{"@context":"https:\/\/schema.org","@graph":[{"@type":"WebPage","@id":"https:\/\/alfatest.ro\/sr\/%d0%be-%d1%82%d0%be%d0%bc%d0%b5\/","url":"https:\/\/alfatest.ro\/sr\/%d0%be-%d1%82%d0%be%d0%bc%d0%b5\/","name":"Complete solutions for inspection & test stages: AOI, X-Ray, Flying Probe, In-Circuit Test, Boundary Scan, Functional Test and Flash Programming. We also provide turnkey automation solutions with MiR autonomous mobile robots and serve as the main distributor of Universal Robots, -","isPartOf":{"@id":"https:\/\/alfatest.ro\/sr\/#website"},"primaryImageOfPage":{"@id":"https:\/\/alfatest.ro\/sr\/%d0%be-%d1%82%d0%be%d0%bc%d0%b5\/#primaryimage"},"image":{"@id":"https:\/\/alfatest.ro\/sr\/%d0%be-%d1%82%d0%be%d0%bc%d0%b5\/#primaryimage"},"thumbnailUrl":"https:\/\/alfatest.ro\/wp-content\/uploads\/2025\/05\/alfa-test-map-headquarters-and-clients-locations-1024x707.png","datePublished":"2022-04-25T08:54:25+00:00","dateModified":"2026-01-28T14:27:12+00:00","description":"Discover Alfa Test, a premier provider of inspection, test and automation solutions in Eastern & Central Europe. We offer AOI, X-Ray, Flying Probe, In-Circuit Testing, MiR robots, and Universal Robots. Trusted by over 500 customers in 20 countries.","breadcrumb":{"@id":"https:\/\/alfatest.ro\/sr\/%d0%be-%d1%82%d0%be%d0%bc%d0%b5\/#breadcrumb"},"inLanguage":"sr-RS","potentialAction":[{"@type":"ReadAction","target":["https:\/\/alfatest.ro\/sr\/%d0%be-%d1%82%d0%be%d0%bc%d0%b5\/"]}]},{"@type":"ImageObject","inLanguage":"sr-RS","@id":"https:\/\/alfatest.ro\/sr\/%d0%be-%d1%82%d0%be%d0%bc%d0%b5\/#primaryimage","url":"https:\/\/alfatest.ro\/wp-content\/uploads\/2025\/05\/alfa-test-map-headquarters-and-clients-locations-1024x707.png","contentUrl":"https:\/\/alfatest.ro\/wp-content\/uploads\/2025\/05\/alfa-test-map-headquarters-and-clients-locations-1024x707.png"},{"@type":"BreadcrumbList","@id":"https:\/\/alfatest.ro\/sr\/%d0%be-%d1%82%d0%be%d0%bc%d0%b5\/#breadcrumb","itemListElement":[{"@type":"ListItem","position":1,"name":"Home","item":"https:\/\/alfatest.ro\/sr\/"},{"@type":"ListItem","position":2,"name":"O nama"}]},{"@type":"WebSite","@id":"https:\/\/alfatest.ro\/sr\/#website","url":"https:\/\/alfatest.ro\/sr\/","name":"AlfaTest","description":"Trusted partner for Automation &amp; Test","publisher":{"@id":"https:\/\/alfatest.ro\/sr\/#organization"},"potentialAction":[{"@type":"SearchAction","target":{"@type":"EntryPoint","urlTemplate":"https:\/\/alfatest.ro\/sr\/?s={search_term_string}"},"query-input":{"@type":"PropertyValueSpecification","valueRequired":true,"valueName":"search_term_string"}}],"inLanguage":"sr-RS"},{"@type":"Organization","@id":"https:\/\/alfatest.ro\/sr\/#organization","name":"AlfaTest","url":"https:\/\/alfatest.ro\/sr\/","logo":{"@type":"ImageObject","inLanguage":"sr-RS","@id":"https:\/\/alfatest.ro\/sr\/#\/schema\/logo\/image\/","url":"https:\/\/alfatest.ro\/wp-content\/uploads\/2023\/06\/alfa-test-logo.png","contentUrl":"https:\/\/alfatest.ro\/wp-content\/uploads\/2023\/06\/alfa-test-logo.png","width":58,"height":54,"caption":"AlfaTest"},"image":{"@id":"https:\/\/alfatest.ro\/sr\/#\/schema\/logo\/image\/"},"sameAs":["https:\/\/ro-ro.facebook.com\/alfatest.ro\/","https:\/\/www.youtube.com\/user\/AlfaTestRomania","https:\/\/ro.linkedin.com\/company\/alfa-test"]}]}},"_links":{"self":[{"href":"https:\/\/alfatest.ro\/sr\/wp-json\/wp\/v2\/pages\/4566","targetHints":{"allow":["GET"]}}],"collection":[{"href":"https:\/\/alfatest.ro\/sr\/wp-json\/wp\/v2\/pages"}],"about":[{"href":"https:\/\/alfatest.ro\/sr\/wp-json\/wp\/v2\/types\/page"}],"author":[{"embeddable":true,"href":"https:\/\/alfatest.ro\/sr\/wp-json\/wp\/v2\/users\/2"}],"replies":[{"embeddable":true,"href":"https:\/\/alfatest.ro\/sr\/wp-json\/wp\/v2\/comments?post=4566"}],"version-history":[{"count":22,"href":"https:\/\/alfatest.ro\/sr\/wp-json\/wp\/v2\/pages\/4566\/revisions"}],"predecessor-version":[{"id":11234,"href":"https:\/\/alfatest.ro\/sr\/wp-json\/wp\/v2\/pages\/4566\/revisions\/11234"}],"wp:attachment":[{"href":"https:\/\/alfatest.ro\/sr\/wp-json\/wp\/v2\/media?parent=4566"}],"curies":[{"name":"wp","href":"https:\/\/api.w.org\/{rel}","templated":true}]}}