{"id":11345,"date":"2026-03-13T12:44:41","date_gmt":"2026-03-13T12:44:41","guid":{"rendered":"https:\/\/alfatest.ro\/?page_id=11345"},"modified":"2026-03-13T12:48:48","modified_gmt":"2026-03-13T12:48:48","slug":"controlar","status":"publish","type":"page","link":"https:\/\/alfatest.ro\/sr\/controlar\/","title":{"rendered":"Controlar"},"content":{"rendered":"\n<p>Alfa Test je regionalni partner za EIIT \u2013 kompaniju Controlar u Rumuniji, Ma\u0111arskoj, Slova\u010dkoj, Srbiji, Bugarskoj, Hrvatskoj, Sloveniji, \u010ce\u0161koj Republici i Poljskoj, pru\u017eaju\u0107i napredna re\u0161enja za automatizaciju testiranja koja podsti\u010du inovacije i pouzdanost u savremenoj proizvodnji.<\/p>\n\n\n\n<p>Osnovana 1986. godine, EIIT \u2013 kompanija Controlar danas je vode\u0107a kompanija u oblasti projektovanja, proizvodnje i pu\u0161tanja u rad opreme za testiranje i sistema automatizacije u svim industrijskim sektorima, pru\u017eaju\u0107i klijentima inovativna i tehnolo\u0161ki napredna \u201eklju\u010d u ruke\u201c re\u0161enja.<\/p>\n\n\n\n<p>Organizovana oko klju\u010dnih kompetencija kao \u0161to su razvoj hardvera i softvera, integracija sistema, funkcionalno i kvalitetno testiranje elektronskih ure\u0111aja, kao i robotika, Controlar raspola\u017ee zna\u010dajnim portfoliom projekata i usluga, uz reference svetske klase od strane multinacionalnih kompanija.<\/p>\n","protected":false},"excerpt":{"rendered":"<p>Alfa Test je regionalni partner za EIIT \u2013 kompaniju Controlar u Rumuniji, Ma\u0111arskoj, Slova\u010dkoj, Srbiji, Bugarskoj, Hrvatskoj, Sloveniji, \u010ce\u0161koj Republici i Poljskoj, pru\u017eaju\u0107i napredna re\u0161enja za automatizaciju testiranja koja podsti\u010du inovacije i pouzdanost u savremenoj proizvodnji. Osnovana 1986. godine, EIIT \u2013 kompanija Controlar danas je vode\u0107a kompanija u oblasti projektovanja, proizvodnje i pu\u0161tanja u rad [&hellip;]<\/p>\n","protected":false},"author":1,"featured_media":11353,"parent":0,"menu_order":0,"comment_status":"closed","ping_status":"closed","template":"","meta":{"_monsterinsights_skip_tracking":false,"_monsterinsights_sitenote_active":false,"_monsterinsights_sitenote_note":"","_monsterinsights_sitenote_category":0,"_uf_show_specific_survey":0,"_uf_disable_surveys":false,"footnotes":""},"class_list":["post-11345","page","type-page","status-publish","has-post-thumbnail","hentry"],"featured_image_src":"https:\/\/alfatest.ro\/wp-content\/uploads\/2026\/03\/controlar-test.png","yoast_head":"<!-- This site is optimized with the Yoast SEO plugin v26.8 - https:\/\/yoast.com\/product\/yoast-seo-wordpress\/ -->\n<title>Controlar - AlfaTest<\/title>\n<meta name=\"robots\" content=\"index, follow, max-snippet:-1, max-image-preview:large, max-video-preview:-1\" \/>\n<link rel=\"canonical\" href=\"https:\/\/alfatest.ro\/sr\/controlar\/\" \/>\n<meta property=\"og:locale\" content=\"sr_RS\" \/>\n<meta property=\"og:type\" content=\"article\" \/>\n<meta property=\"og:title\" content=\"Controlar - AlfaTest\" \/>\n<meta property=\"og:description\" content=\"Alfa Test je regionalni partner za EIIT \u2013 kompaniju Controlar u Rumuniji, Ma\u0111arskoj, Slova\u010dkoj, Srbiji, Bugarskoj, Hrvatskoj, Sloveniji, \u010ce\u0161koj Republici i Poljskoj, pru\u017eaju\u0107i napredna re\u0161enja za automatizaciju testiranja koja podsti\u010du inovacije i pouzdanost u savremenoj proizvodnji. Osnovana 1986. godine, EIIT \u2013 kompanija Controlar danas je vode\u0107a kompanija u oblasti projektovanja, proizvodnje i pu\u0161tanja u rad [&hellip;]\" \/>\n<meta property=\"og:url\" content=\"https:\/\/alfatest.ro\/sr\/controlar\/\" \/>\n<meta property=\"og:site_name\" content=\"AlfaTest\" \/>\n<meta property=\"article:publisher\" content=\"https:\/\/ro-ro.facebook.com\/alfatest.ro\/\" \/>\n<meta property=\"article:modified_time\" content=\"2026-03-13T12:48:48+00:00\" \/>\n<meta name=\"twitter:card\" content=\"summary_large_image\" \/>\n<meta name=\"twitter:label1\" content=\"\u041f\u0440\u043e\u0446\u0435\u045a\u0435\u043d\u043e \u0432\u0440\u0435\u043c\u0435 \u0447\u0438\u0442\u0430\u045a\u0430\" \/>\n\t<meta name=\"twitter:data1\" content=\"1 \u043c\u0438\u043d\u0443\u0442\" \/>\n<script type=\"application\/ld+json\" class=\"yoast-schema-graph\">{\"@context\":\"https:\/\/schema.org\",\"@graph\":[{\"@type\":\"WebPage\",\"@id\":\"https:\/\/alfatest.ro\/sr\/controlar\/\",\"url\":\"https:\/\/alfatest.ro\/sr\/controlar\/\",\"name\":\"Controlar - AlfaTest\",\"isPartOf\":{\"@id\":\"https:\/\/alfatest.ro\/sr\/#website\"},\"primaryImageOfPage\":{\"@id\":\"https:\/\/alfatest.ro\/sr\/controlar\/#primaryimage\"},\"image\":{\"@id\":\"https:\/\/alfatest.ro\/sr\/controlar\/#primaryimage\"},\"thumbnailUrl\":\"https:\/\/alfatest.ro\/wp-content\/uploads\/2026\/03\/controlar-test.png\",\"datePublished\":\"2026-03-13T12:44:41+00:00\",\"dateModified\":\"2026-03-13T12:48:48+00:00\",\"breadcrumb\":{\"@id\":\"https:\/\/alfatest.ro\/sr\/controlar\/#breadcrumb\"},\"inLanguage\":\"sr-RS\",\"potentialAction\":[{\"@type\":\"ReadAction\",\"target\":[\"https:\/\/alfatest.ro\/sr\/controlar\/\"]}]},{\"@type\":\"ImageObject\",\"inLanguage\":\"sr-RS\",\"@id\":\"https:\/\/alfatest.ro\/sr\/controlar\/#primaryimage\",\"url\":\"https:\/\/alfatest.ro\/wp-content\/uploads\/2026\/03\/controlar-test.png\",\"contentUrl\":\"https:\/\/alfatest.ro\/wp-content\/uploads\/2026\/03\/controlar-test.png\",\"width\":352,\"height\":352},{\"@type\":\"BreadcrumbList\",\"@id\":\"https:\/\/alfatest.ro\/sr\/controlar\/#breadcrumb\",\"itemListElement\":[{\"@type\":\"ListItem\",\"position\":1,\"name\":\"Home\",\"item\":\"https:\/\/alfatest.ro\/sr\/\"},{\"@type\":\"ListItem\",\"position\":2,\"name\":\"Controlar\"}]},{\"@type\":\"WebSite\",\"@id\":\"https:\/\/alfatest.ro\/sr\/#website\",\"url\":\"https:\/\/alfatest.ro\/sr\/\",\"name\":\"AlfaTest\",\"description\":\"Trusted partner for Automation &amp; Test\",\"publisher\":{\"@id\":\"https:\/\/alfatest.ro\/sr\/#organization\"},\"potentialAction\":[{\"@type\":\"SearchAction\",\"target\":{\"@type\":\"EntryPoint\",\"urlTemplate\":\"https:\/\/alfatest.ro\/sr\/?s={search_term_string}\"},\"query-input\":{\"@type\":\"PropertyValueSpecification\",\"valueRequired\":true,\"valueName\":\"search_term_string\"}}],\"inLanguage\":\"sr-RS\"},{\"@type\":\"Organization\",\"@id\":\"https:\/\/alfatest.ro\/sr\/#organization\",\"name\":\"AlfaTest\",\"url\":\"https:\/\/alfatest.ro\/sr\/\",\"logo\":{\"@type\":\"ImageObject\",\"inLanguage\":\"sr-RS\",\"@id\":\"https:\/\/alfatest.ro\/sr\/#\/schema\/logo\/image\/\",\"url\":\"https:\/\/alfatest.ro\/wp-content\/uploads\/2023\/06\/alfa-test-logo.png\",\"contentUrl\":\"https:\/\/alfatest.ro\/wp-content\/uploads\/2023\/06\/alfa-test-logo.png\",\"width\":58,\"height\":54,\"caption\":\"AlfaTest\"},\"image\":{\"@id\":\"https:\/\/alfatest.ro\/sr\/#\/schema\/logo\/image\/\"},\"sameAs\":[\"https:\/\/ro-ro.facebook.com\/alfatest.ro\/\",\"https:\/\/www.youtube.com\/user\/AlfaTestRomania\",\"https:\/\/ro.linkedin.com\/company\/alfa-test\"]}]}<\/script>\n<!-- \/ Yoast SEO plugin. -->","yoast_head_json":{"title":"Controlar - AlfaTest","robots":{"index":"index","follow":"follow","max-snippet":"max-snippet:-1","max-image-preview":"max-image-preview:large","max-video-preview":"max-video-preview:-1"},"canonical":"https:\/\/alfatest.ro\/sr\/controlar\/","og_locale":"sr_RS","og_type":"article","og_title":"Controlar - AlfaTest","og_description":"Alfa Test je regionalni partner za EIIT \u2013 kompaniju Controlar u Rumuniji, Ma\u0111arskoj, Slova\u010dkoj, Srbiji, Bugarskoj, Hrvatskoj, Sloveniji, \u010ce\u0161koj Republici i Poljskoj, pru\u017eaju\u0107i napredna re\u0161enja za automatizaciju testiranja koja podsti\u010du inovacije i pouzdanost u savremenoj proizvodnji. Osnovana 1986. godine, EIIT \u2013 kompanija Controlar danas je vode\u0107a kompanija u oblasti projektovanja, proizvodnje i pu\u0161tanja u rad [&hellip;]","og_url":"https:\/\/alfatest.ro\/sr\/controlar\/","og_site_name":"AlfaTest","article_publisher":"https:\/\/ro-ro.facebook.com\/alfatest.ro\/","article_modified_time":"2026-03-13T12:48:48+00:00","twitter_card":"summary_large_image","twitter_misc":{"\u041f\u0440\u043e\u0446\u0435\u045a\u0435\u043d\u043e \u0432\u0440\u0435\u043c\u0435 \u0447\u0438\u0442\u0430\u045a\u0430":"1 \u043c\u0438\u043d\u0443\u0442"},"schema":{"@context":"https:\/\/schema.org","@graph":[{"@type":"WebPage","@id":"https:\/\/alfatest.ro\/sr\/controlar\/","url":"https:\/\/alfatest.ro\/sr\/controlar\/","name":"Controlar - AlfaTest","isPartOf":{"@id":"https:\/\/alfatest.ro\/sr\/#website"},"primaryImageOfPage":{"@id":"https:\/\/alfatest.ro\/sr\/controlar\/#primaryimage"},"image":{"@id":"https:\/\/alfatest.ro\/sr\/controlar\/#primaryimage"},"thumbnailUrl":"https:\/\/alfatest.ro\/wp-content\/uploads\/2026\/03\/controlar-test.png","datePublished":"2026-03-13T12:44:41+00:00","dateModified":"2026-03-13T12:48:48+00:00","breadcrumb":{"@id":"https:\/\/alfatest.ro\/sr\/controlar\/#breadcrumb"},"inLanguage":"sr-RS","potentialAction":[{"@type":"ReadAction","target":["https:\/\/alfatest.ro\/sr\/controlar\/"]}]},{"@type":"ImageObject","inLanguage":"sr-RS","@id":"https:\/\/alfatest.ro\/sr\/controlar\/#primaryimage","url":"https:\/\/alfatest.ro\/wp-content\/uploads\/2026\/03\/controlar-test.png","contentUrl":"https:\/\/alfatest.ro\/wp-content\/uploads\/2026\/03\/controlar-test.png","width":352,"height":352},{"@type":"BreadcrumbList","@id":"https:\/\/alfatest.ro\/sr\/controlar\/#breadcrumb","itemListElement":[{"@type":"ListItem","position":1,"name":"Home","item":"https:\/\/alfatest.ro\/sr\/"},{"@type":"ListItem","position":2,"name":"Controlar"}]},{"@type":"WebSite","@id":"https:\/\/alfatest.ro\/sr\/#website","url":"https:\/\/alfatest.ro\/sr\/","name":"AlfaTest","description":"Trusted partner for Automation &amp; Test","publisher":{"@id":"https:\/\/alfatest.ro\/sr\/#organization"},"potentialAction":[{"@type":"SearchAction","target":{"@type":"EntryPoint","urlTemplate":"https:\/\/alfatest.ro\/sr\/?s={search_term_string}"},"query-input":{"@type":"PropertyValueSpecification","valueRequired":true,"valueName":"search_term_string"}}],"inLanguage":"sr-RS"},{"@type":"Organization","@id":"https:\/\/alfatest.ro\/sr\/#organization","name":"AlfaTest","url":"https:\/\/alfatest.ro\/sr\/","logo":{"@type":"ImageObject","inLanguage":"sr-RS","@id":"https:\/\/alfatest.ro\/sr\/#\/schema\/logo\/image\/","url":"https:\/\/alfatest.ro\/wp-content\/uploads\/2023\/06\/alfa-test-logo.png","contentUrl":"https:\/\/alfatest.ro\/wp-content\/uploads\/2023\/06\/alfa-test-logo.png","width":58,"height":54,"caption":"AlfaTest"},"image":{"@id":"https:\/\/alfatest.ro\/sr\/#\/schema\/logo\/image\/"},"sameAs":["https:\/\/ro-ro.facebook.com\/alfatest.ro\/","https:\/\/www.youtube.com\/user\/AlfaTestRomania","https:\/\/ro.linkedin.com\/company\/alfa-test"]}]}},"_links":{"self":[{"href":"https:\/\/alfatest.ro\/sr\/wp-json\/wp\/v2\/pages\/11345","targetHints":{"allow":["GET"]}}],"collection":[{"href":"https:\/\/alfatest.ro\/sr\/wp-json\/wp\/v2\/pages"}],"about":[{"href":"https:\/\/alfatest.ro\/sr\/wp-json\/wp\/v2\/types\/page"}],"author":[{"embeddable":true,"href":"https:\/\/alfatest.ro\/sr\/wp-json\/wp\/v2\/users\/1"}],"replies":[{"embeddable":true,"href":"https:\/\/alfatest.ro\/sr\/wp-json\/wp\/v2\/comments?post=11345"}],"version-history":[{"count":1,"href":"https:\/\/alfatest.ro\/sr\/wp-json\/wp\/v2\/pages\/11345\/revisions"}],"predecessor-version":[{"id":11346,"href":"https:\/\/alfatest.ro\/sr\/wp-json\/wp\/v2\/pages\/11345\/revisions\/11346"}],"wp:featuredmedia":[{"embeddable":true,"href":"https:\/\/alfatest.ro\/sr\/wp-json\/wp\/v2\/media\/11353"}],"wp:attachment":[{"href":"https:\/\/alfatest.ro\/sr\/wp-json\/wp\/v2\/media?parent=11345"}],"curies":[{"name":"wp","href":"https:\/\/api.w.org\/{rel}","templated":true}]}}