{"id":4620,"date":"2022-04-25T08:54:25","date_gmt":"2022-04-25T08:54:25","guid":{"rendered":"https:\/\/alfatest.ro\/despre\/"},"modified":"2026-01-27T14:30:17","modified_gmt":"2026-01-27T14:30:17","slug":"despre","status":"publish","type":"page","link":"https:\/\/alfatest.ro\/ro\/despre\/","title":{"rendered":"Despre"},"content":{"rendered":"\n<div class=\"wp-block-media-text alignwide is-stacked-on-mobile is-vertically-aligned-top\"><figure class=\"wp-block-media-text__media\"><img loading=\"lazy\" decoding=\"async\" width=\"1024\" height=\"707\" src=\"https:\/\/alfatest.ro\/wp-content\/uploads\/2025\/05\/alfa-test-map-headquarters-and-clients-locations-1024x707.png\" alt=\"Alfa Test headquarters and customers location across Balkan region and Ukraine.\" class=\"wp-image-9773 size-full\" srcset=\"https:\/\/alfatest.ro\/wp-content\/uploads\/2025\/05\/alfa-test-map-headquarters-and-clients-locations-1024x707.png 1024w, https:\/\/alfatest.ro\/wp-content\/uploads\/2025\/05\/alfa-test-map-headquarters-and-clients-locations-300x207.png 300w, https:\/\/alfatest.ro\/wp-content\/uploads\/2025\/05\/alfa-test-map-headquarters-and-clients-locations-768x530.png 768w, https:\/\/alfatest.ro\/wp-content\/uploads\/2025\/05\/alfa-test-map-headquarters-and-clients-locations-680x469.png 680w, https:\/\/alfatest.ro\/wp-content\/uploads\/2025\/05\/alfa-test-map-headquarters-and-clients-locations-1080x746.png 1080w, https:\/\/alfatest.ro\/wp-content\/uploads\/2025\/05\/alfa-test-map-headquarters-and-clients-locations.png 1114w\" sizes=\"auto, (max-width: 1024px) 100vw, 1024px\" \/><\/figure><div class=\"wp-block-media-text__content\">\n<h2 class=\"wp-block-heading has-large-font-size\">Alfa Test<\/h2>\n\n\n\n<p>Alfa Test was founded in 2002, with the goal of supporting Teradyne in-circuit test equipment in Romania. Today we are the only company in the region able to offer complete solutions for inspection &amp; test stages: AOI, X-Ray, Flying Probe, In-Circuit Test, Boundary Scan, Functional Test and Flash Programming. In addition, we rely on state-of-the-art software design tools for test analysis and test programs generation.We also provide turnkey automation solutions with MiR autonomous mobile robots and serve as the main distributor of Universal Robots, delivering training through the first UR Certified Training Center in the region.<\/p>\n\n\n\n<p>Cu sediul central \u00een Timi\u0219oara\/ Rom\u00e2nia \u0219i cu un birou \u00een Nis\/Serbia pentru \u021b\u0103rile din Balcani deschis \u00een 2019, oferim acum o comunicare foarte bun\u0103 \u0219i suport local pentru clien\u021bii no\u0219tri din \u021b\u0103rile din Balcani \u0219i Europa Central\u0103. Odat\u0103 ce identific\u0103m nevoile dumneavoastr\u0103, echipa noastr\u0103 format\u0103 din 25 de profesioni\u0219ti v\u0103 va dovedi c\u0103 suntem un partener valoros. <\/p>\n\n\n\n<p>\u00cen calitate de partener excelent al MIR \u0219i distribuitor principal al Universal Robot \u00een zon\u0103, am v\u00e2ndut peste 500 de AMR \u0219i cobo\u021bi. Avem cea mai mare flot\u0103 MIR instalat\u0103 la un singur client din Europa.<\/p>\n\n\n\n<p>Mai mult de 400 de echipamente de testare \u0219i inspec\u021bie sunt acoperite de echipa tehnic\u0103 ALFA TEST. Am dezvoltat peste 1000 de programe de testare pentru flying probe \u0219i peste 500 de aplica\u021bii de testare in-circuit lansate pentru testarea \u00een produc\u021bie. Expertiza noastr\u0103 cre\u0219te zilnic datorit\u0103 num\u0103rului extins de clien\u021bi din 20 de \u021b\u0103ri, unde am dezvoltat deja proiecte \u00een diverse segmente de pia\u021b\u0103, cum ar fi: industria auto, electronic\u0103, logistic\u0103, industrial\u0103, telecomunica\u021bii, medical\u0103 \u0219i militar\u0103.<\/p>\n<\/div><\/div>\n\n\n\n<div class=\"wp-block-media-text has-media-on-the-right is-stacked-on-mobile\"><div class=\"wp-block-media-text__content\">\n<h2 class=\"wp-block-heading\">Misiune \u0219i viziune<\/h2>\n\n\n\n<p>Misiunea noastr\u0103 este de a oferi cele mai potrivite solu\u021bii de automatizare, inspec\u021bie \u0219i testare la cheie, care s\u0103 r\u0103spund\u0103 nevoilor clien\u021bilor no\u0219tri de a livra produse de \u00eenalt\u0103 calitate.<br>Viziunea noastr\u0103 este de a fi principalul furnizor de solu\u021bii, echipamente \u0219i servicii pentru industria auto, electronic\u0103 \u0219i logistic\u0103 din Europa de Est, prin expertiz\u0103, flexibilitate \u0219i angajament.<\/p>\n<\/div><figure class=\"wp-block-media-text__media\"><img loading=\"lazy\" decoding=\"async\" width=\"1000\" height=\"667\" src=\"https:\/\/alfatest.ro\/wp-content\/uploads\/2024\/11\/team.jpg\" alt=\"\" class=\"wp-image-7778 size-full\" srcset=\"https:\/\/alfatest.ro\/wp-content\/uploads\/2024\/11\/team.jpg 1000w, https:\/\/alfatest.ro\/wp-content\/uploads\/2024\/11\/team-300x200.jpg 300w, https:\/\/alfatest.ro\/wp-content\/uploads\/2024\/11\/team-768x512.jpg 768w, https:\/\/alfatest.ro\/wp-content\/uploads\/2024\/11\/team-680x454.jpg 680w\" sizes=\"auto, (max-width: 1000px) 100vw, 1000px\" \/><\/figure><\/div>\n\n\n\n<h2 class=\"wp-block-heading\">Facilit\u0103\u021bi<\/h2>\n\n\n\n<p>Dispunem de 350 mp de teren propriu, facilit\u0103\u021bi de demonstra\u021bie\/formare, birouri de v\u00e2nz\u0103ri \u0219i asisten\u021b\u0103 \u0219i un laborator complet echipat. Portofoliul nostru de echipamente disponibile pentru instruiri, demonstra\u021bii, dezvoltarea de solu\u021bii la cheie sau pentru teste \u0219i analize de loturi mici include: <\/p>\n\n\n\n<ul class=\"wp-block-list\">\n<li>Teradyne ICT (TSO52, 228X, Spectrum, TSLH)<\/li>\n\n\n\n<li>Flying Probe Takaya (APT 1400-F)<\/li>\n\n\n\n<li>Mirtec MV-6 OMNI<\/li>\n\n\n\n<li>Microme|x neo180<\/li>\n\n\n\n<li>Goepel Boundary Scan<\/li>\n\n\n\n<li>Litepoint Wireless Testing<\/li>\n\n\n\n<li>SMH Programatoare in circuit<\/li>\n\n\n\n<li>Aster Technologies &#8211; TestWay Express Software<\/li>\n\n\n\n<li>Universal Robots 3e, 5e, 10e<\/li>\n\n\n\n<li>MiR 1200 Pallet Jack<\/li>\n\n\n\n<li>Roeq top module<\/li>\n\n\n\n<li>MiR hook<\/li>\n\n\n\n<li>MiR 250 shelfCarrier<\/li>\n\n\n\n<li>2XMir 250 cart<\/li>\n<\/ul>\n\n\n\n<p>Toate aceste sisteme sunt instalate \u0219i preg\u0103tite pentru a fi utilizate sau pentru a fi personalizate pentru aplica\u021bii specifice. Dispunem de toate instrumentele \u0219i expertiza necesare pentru a dezvolta \u0219i integra solu\u021bii de testare complexe. Orice solu\u021bie a clientului poate fi implementat\u0103 ulterior oriunde \u00een Europa, \u00eempreun\u0103 cu configurarea, documenta\u021bia \u0219i instruirea corespunz\u0103toare.<\/p>\n\n\n\n<p>\u00cen plus, \u00een atelierul nostru mecanic dedicat de 200 mp asambl\u0103m solu\u021biile de celule de automatizare \u0219i facem pre-acceptarea.<\/p>\n\n\n\n<h2 class=\"wp-block-heading\"><strong>Bro\u0219ura Alfa Test <\/strong><\/h2>\n\n\n\n<p>Echipamente, servicii \u0219i aplica\u021bii<\/p>\n\n\n\n<div class=\"wp-block-buttons is-layout-flex wp-block-buttons-is-layout-flex\">\n<div class=\"wp-block-button\"><a class=\"wp-block-button__link wp-element-button\" href=\"https:\/\/alfatest.ro\/wp-content\/uploads\/2025\/12\/Alfa-Test-brochure-site.pdf\">Desc\u0103rca\u021bi aici<\/a><\/div>\n<\/div>\n\n\n\n<p><\/p>\n","protected":false},"excerpt":{"rendered":"<p>Alfa Test Alfa Test was founded in 2002, with the goal of supporting Teradyne in-circuit test equipment in Romania. Today we are the only company in the region able to offer complete solutions for inspection &amp; test stages: AOI, X-Ray, Flying Probe, In-Circuit Test, Boundary Scan, Functional Test and Flash Programming. In addition, we rely [&hellip;]<\/p>\n","protected":false},"author":2,"featured_media":0,"parent":0,"menu_order":0,"comment_status":"closed","ping_status":"closed","template":"","meta":{"_monsterinsights_skip_tracking":false,"_monsterinsights_sitenote_active":false,"_monsterinsights_sitenote_note":"","_monsterinsights_sitenote_category":0,"_uf_show_specific_survey":0,"_uf_disable_surveys":false,"footnotes":""},"class_list":["post-4620","page","type-page","status-publish","hentry"],"featured_image_src":null,"yoast_head":"<!-- This site is optimized with the Yoast SEO plugin v26.8 - https:\/\/yoast.com\/product\/yoast-seo-wordpress\/ -->\n<title>Solu\u021bii de inspec\u021bie, testare \u0219i automatizare \u00een Europa de Est \u0219i Central\u0103. Oferim servicii AOI, cu raze X, testare \u00een circuit, boundary scan, si de automatizare cu robo\u021bi MiR \u0219i Universal Robots. Peste 500 de clien\u021bi din 20 de \u021b\u0103ri au \u00eencredere \u00een serviciile noastre.Despre - AlfaTest<\/title>\n<meta name=\"description\" content=\"Solu\u021bii complete pentru etapele de inspec\u021bie \u0219i testare: AOI, raze X, flying probe, testare \u00een circuit, scanare boundery, test func\u021bional \u0219i programare flash. Oferim solu\u021bii de automatizare la cheie cu robo\u021bi mobili autonomi MiR \u0219i suntem distribuitorul principal al Universal Robots.\" \/>\n<meta name=\"robots\" content=\"index, follow, max-snippet:-1, max-image-preview:large, max-video-preview:-1\" \/>\n<link rel=\"canonical\" href=\"https:\/\/alfatest.ro\/ro\/despre\/\" \/>\n<meta property=\"og:locale\" content=\"ro_RO\" \/>\n<meta property=\"og:type\" content=\"article\" \/>\n<meta property=\"og:title\" content=\"Solu\u021bii de inspec\u021bie, testare \u0219i automatizare \u00een Europa de Est \u0219i Central\u0103. Oferim servicii AOI, cu raze X, testare \u00een circuit, boundary scan, si de automatizare cu robo\u021bi MiR \u0219i Universal Robots. Peste 500 de clien\u021bi din 20 de \u021b\u0103ri au \u00eencredere \u00een serviciile noastre.Despre - AlfaTest\" \/>\n<meta property=\"og:description\" content=\"Solu\u021bii complete pentru etapele de inspec\u021bie \u0219i testare: AOI, raze X, flying probe, testare \u00een circuit, scanare boundery, test func\u021bional \u0219i programare flash. Oferim solu\u021bii de automatizare la cheie cu robo\u021bi mobili autonomi MiR \u0219i suntem distribuitorul principal al Universal Robots.\" \/>\n<meta property=\"og:url\" content=\"https:\/\/alfatest.ro\/ro\/despre\/\" \/>\n<meta property=\"og:site_name\" content=\"AlfaTest\" \/>\n<meta property=\"article:publisher\" content=\"https:\/\/ro-ro.facebook.com\/alfatest.ro\/\" \/>\n<meta property=\"article:modified_time\" content=\"2026-01-27T14:30:17+00:00\" \/>\n<meta property=\"og:image\" content=\"https:\/\/alfatest.ro\/wp-content\/uploads\/2025\/05\/alfa-test-map-headquarters-and-clients-locations.png\" \/>\n\t<meta property=\"og:image:width\" content=\"1114\" \/>\n\t<meta property=\"og:image:height\" content=\"769\" \/>\n\t<meta property=\"og:image:type\" content=\"image\/png\" \/>\n<meta name=\"twitter:card\" content=\"summary_large_image\" \/>\n<meta name=\"twitter:label1\" content=\"Timp estimat pentru citire\" \/>\n\t<meta name=\"twitter:data1\" content=\"3 minute\" \/>\n<script type=\"application\/ld+json\" class=\"yoast-schema-graph\">{\"@context\":\"https:\/\/schema.org\",\"@graph\":[{\"@type\":\"WebPage\",\"@id\":\"https:\/\/alfatest.ro\/ro\/despre\/\",\"url\":\"https:\/\/alfatest.ro\/ro\/despre\/\",\"name\":\"Solu\u021bii de inspec\u021bie, testare \u0219i automatizare \u00een Europa de Est \u0219i Central\u0103. Oferim servicii AOI, cu raze X, testare \u00een circuit, boundary scan, si de automatizare cu robo\u021bi MiR \u0219i Universal Robots. Peste 500 de clien\u021bi din 20 de \u021b\u0103ri au \u00eencredere \u00een serviciile noastre.Despre - AlfaTest\",\"isPartOf\":{\"@id\":\"https:\/\/alfatest.ro\/ro\/#website\"},\"primaryImageOfPage\":{\"@id\":\"https:\/\/alfatest.ro\/ro\/despre\/#primaryimage\"},\"image\":{\"@id\":\"https:\/\/alfatest.ro\/ro\/despre\/#primaryimage\"},\"thumbnailUrl\":\"https:\/\/alfatest.ro\/wp-content\/uploads\/2025\/05\/alfa-test-map-headquarters-and-clients-locations-1024x707.png\",\"datePublished\":\"2022-04-25T08:54:25+00:00\",\"dateModified\":\"2026-01-27T14:30:17+00:00\",\"description\":\"Solu\u021bii complete pentru etapele de inspec\u021bie \u0219i testare: AOI, raze X, flying probe, testare \u00een circuit, scanare boundery, test func\u021bional \u0219i programare flash. Oferim solu\u021bii de automatizare la cheie cu robo\u021bi mobili autonomi MiR \u0219i suntem distribuitorul principal al Universal Robots.\",\"breadcrumb\":{\"@id\":\"https:\/\/alfatest.ro\/ro\/despre\/#breadcrumb\"},\"inLanguage\":\"ro-RO\",\"potentialAction\":[{\"@type\":\"ReadAction\",\"target\":[\"https:\/\/alfatest.ro\/ro\/despre\/\"]}]},{\"@type\":\"ImageObject\",\"inLanguage\":\"ro-RO\",\"@id\":\"https:\/\/alfatest.ro\/ro\/despre\/#primaryimage\",\"url\":\"https:\/\/alfatest.ro\/wp-content\/uploads\/2025\/05\/alfa-test-map-headquarters-and-clients-locations-1024x707.png\",\"contentUrl\":\"https:\/\/alfatest.ro\/wp-content\/uploads\/2025\/05\/alfa-test-map-headquarters-and-clients-locations-1024x707.png\"},{\"@type\":\"BreadcrumbList\",\"@id\":\"https:\/\/alfatest.ro\/ro\/despre\/#breadcrumb\",\"itemListElement\":[{\"@type\":\"ListItem\",\"position\":1,\"name\":\"Home\",\"item\":\"https:\/\/alfatest.ro\/ro\/\"},{\"@type\":\"ListItem\",\"position\":2,\"name\":\"Despre\"}]},{\"@type\":\"WebSite\",\"@id\":\"https:\/\/alfatest.ro\/ro\/#website\",\"url\":\"https:\/\/alfatest.ro\/ro\/\",\"name\":\"AlfaTest\",\"description\":\"Trusted partner for Automation &amp; Test\",\"publisher\":{\"@id\":\"https:\/\/alfatest.ro\/ro\/#organization\"},\"potentialAction\":[{\"@type\":\"SearchAction\",\"target\":{\"@type\":\"EntryPoint\",\"urlTemplate\":\"https:\/\/alfatest.ro\/ro\/?s={search_term_string}\"},\"query-input\":{\"@type\":\"PropertyValueSpecification\",\"valueRequired\":true,\"valueName\":\"search_term_string\"}}],\"inLanguage\":\"ro-RO\"},{\"@type\":\"Organization\",\"@id\":\"https:\/\/alfatest.ro\/ro\/#organization\",\"name\":\"AlfaTest\",\"url\":\"https:\/\/alfatest.ro\/ro\/\",\"logo\":{\"@type\":\"ImageObject\",\"inLanguage\":\"ro-RO\",\"@id\":\"https:\/\/alfatest.ro\/ro\/#\/schema\/logo\/image\/\",\"url\":\"https:\/\/alfatest.ro\/wp-content\/uploads\/2023\/06\/alfa-test-logo.png\",\"contentUrl\":\"https:\/\/alfatest.ro\/wp-content\/uploads\/2023\/06\/alfa-test-logo.png\",\"width\":58,\"height\":54,\"caption\":\"AlfaTest\"},\"image\":{\"@id\":\"https:\/\/alfatest.ro\/ro\/#\/schema\/logo\/image\/\"},\"sameAs\":[\"https:\/\/ro-ro.facebook.com\/alfatest.ro\/\",\"https:\/\/www.youtube.com\/user\/AlfaTestRomania\",\"https:\/\/ro.linkedin.com\/company\/alfa-test\"]}]}<\/script>\n<!-- \/ Yoast SEO plugin. -->","yoast_head_json":{"title":"Solu\u021bii de inspec\u021bie, testare \u0219i automatizare \u00een Europa de Est \u0219i Central\u0103. Oferim servicii AOI, cu raze X, testare \u00een circuit, boundary scan, si de automatizare cu robo\u021bi MiR \u0219i Universal Robots. Peste 500 de clien\u021bi din 20 de \u021b\u0103ri au \u00eencredere \u00een serviciile noastre.Despre - AlfaTest","description":"Solu\u021bii complete pentru etapele de inspec\u021bie \u0219i testare: AOI, raze X, flying probe, testare \u00een circuit, scanare boundery, test func\u021bional \u0219i programare flash. Oferim solu\u021bii de automatizare la cheie cu robo\u021bi mobili autonomi MiR \u0219i suntem distribuitorul principal al Universal Robots.","robots":{"index":"index","follow":"follow","max-snippet":"max-snippet:-1","max-image-preview":"max-image-preview:large","max-video-preview":"max-video-preview:-1"},"canonical":"https:\/\/alfatest.ro\/ro\/despre\/","og_locale":"ro_RO","og_type":"article","og_title":"Solu\u021bii de inspec\u021bie, testare \u0219i automatizare \u00een Europa de Est \u0219i Central\u0103. Oferim servicii AOI, cu raze X, testare \u00een circuit, boundary scan, si de automatizare cu robo\u021bi MiR \u0219i Universal Robots. Peste 500 de clien\u021bi din 20 de \u021b\u0103ri au \u00eencredere \u00een serviciile noastre.Despre - AlfaTest","og_description":"Solu\u021bii complete pentru etapele de inspec\u021bie \u0219i testare: AOI, raze X, flying probe, testare \u00een circuit, scanare boundery, test func\u021bional \u0219i programare flash. Oferim solu\u021bii de automatizare la cheie cu robo\u021bi mobili autonomi MiR \u0219i suntem distribuitorul principal al Universal Robots.","og_url":"https:\/\/alfatest.ro\/ro\/despre\/","og_site_name":"AlfaTest","article_publisher":"https:\/\/ro-ro.facebook.com\/alfatest.ro\/","article_modified_time":"2026-01-27T14:30:17+00:00","og_image":[{"width":1114,"height":769,"url":"https:\/\/alfatest.ro\/wp-content\/uploads\/2025\/05\/alfa-test-map-headquarters-and-clients-locations.png","type":"image\/png"}],"twitter_card":"summary_large_image","twitter_misc":{"Timp estimat pentru citire":"3 minute"},"schema":{"@context":"https:\/\/schema.org","@graph":[{"@type":"WebPage","@id":"https:\/\/alfatest.ro\/ro\/despre\/","url":"https:\/\/alfatest.ro\/ro\/despre\/","name":"Solu\u021bii de inspec\u021bie, testare \u0219i automatizare \u00een Europa de Est \u0219i Central\u0103. Oferim servicii AOI, cu raze X, testare \u00een circuit, boundary scan, si de automatizare cu robo\u021bi MiR \u0219i Universal Robots. Peste 500 de clien\u021bi din 20 de \u021b\u0103ri au \u00eencredere \u00een serviciile noastre.Despre - AlfaTest","isPartOf":{"@id":"https:\/\/alfatest.ro\/ro\/#website"},"primaryImageOfPage":{"@id":"https:\/\/alfatest.ro\/ro\/despre\/#primaryimage"},"image":{"@id":"https:\/\/alfatest.ro\/ro\/despre\/#primaryimage"},"thumbnailUrl":"https:\/\/alfatest.ro\/wp-content\/uploads\/2025\/05\/alfa-test-map-headquarters-and-clients-locations-1024x707.png","datePublished":"2022-04-25T08:54:25+00:00","dateModified":"2026-01-27T14:30:17+00:00","description":"Solu\u021bii complete pentru etapele de inspec\u021bie \u0219i testare: AOI, raze X, flying probe, testare \u00een circuit, scanare boundery, test func\u021bional \u0219i programare flash. Oferim solu\u021bii de automatizare la cheie cu robo\u021bi mobili autonomi MiR \u0219i suntem distribuitorul principal al Universal Robots.","breadcrumb":{"@id":"https:\/\/alfatest.ro\/ro\/despre\/#breadcrumb"},"inLanguage":"ro-RO","potentialAction":[{"@type":"ReadAction","target":["https:\/\/alfatest.ro\/ro\/despre\/"]}]},{"@type":"ImageObject","inLanguage":"ro-RO","@id":"https:\/\/alfatest.ro\/ro\/despre\/#primaryimage","url":"https:\/\/alfatest.ro\/wp-content\/uploads\/2025\/05\/alfa-test-map-headquarters-and-clients-locations-1024x707.png","contentUrl":"https:\/\/alfatest.ro\/wp-content\/uploads\/2025\/05\/alfa-test-map-headquarters-and-clients-locations-1024x707.png"},{"@type":"BreadcrumbList","@id":"https:\/\/alfatest.ro\/ro\/despre\/#breadcrumb","itemListElement":[{"@type":"ListItem","position":1,"name":"Home","item":"https:\/\/alfatest.ro\/ro\/"},{"@type":"ListItem","position":2,"name":"Despre"}]},{"@type":"WebSite","@id":"https:\/\/alfatest.ro\/ro\/#website","url":"https:\/\/alfatest.ro\/ro\/","name":"AlfaTest","description":"Trusted partner for Automation &amp; Test","publisher":{"@id":"https:\/\/alfatest.ro\/ro\/#organization"},"potentialAction":[{"@type":"SearchAction","target":{"@type":"EntryPoint","urlTemplate":"https:\/\/alfatest.ro\/ro\/?s={search_term_string}"},"query-input":{"@type":"PropertyValueSpecification","valueRequired":true,"valueName":"search_term_string"}}],"inLanguage":"ro-RO"},{"@type":"Organization","@id":"https:\/\/alfatest.ro\/ro\/#organization","name":"AlfaTest","url":"https:\/\/alfatest.ro\/ro\/","logo":{"@type":"ImageObject","inLanguage":"ro-RO","@id":"https:\/\/alfatest.ro\/ro\/#\/schema\/logo\/image\/","url":"https:\/\/alfatest.ro\/wp-content\/uploads\/2023\/06\/alfa-test-logo.png","contentUrl":"https:\/\/alfatest.ro\/wp-content\/uploads\/2023\/06\/alfa-test-logo.png","width":58,"height":54,"caption":"AlfaTest"},"image":{"@id":"https:\/\/alfatest.ro\/ro\/#\/schema\/logo\/image\/"},"sameAs":["https:\/\/ro-ro.facebook.com\/alfatest.ro\/","https:\/\/www.youtube.com\/user\/AlfaTestRomania","https:\/\/ro.linkedin.com\/company\/alfa-test"]}]}},"_links":{"self":[{"href":"https:\/\/alfatest.ro\/ro\/wp-json\/wp\/v2\/pages\/4620","targetHints":{"allow":["GET"]}}],"collection":[{"href":"https:\/\/alfatest.ro\/ro\/wp-json\/wp\/v2\/pages"}],"about":[{"href":"https:\/\/alfatest.ro\/ro\/wp-json\/wp\/v2\/types\/page"}],"author":[{"embeddable":true,"href":"https:\/\/alfatest.ro\/ro\/wp-json\/wp\/v2\/users\/2"}],"replies":[{"embeddable":true,"href":"https:\/\/alfatest.ro\/ro\/wp-json\/wp\/v2\/comments?post=4620"}],"version-history":[{"count":37,"href":"https:\/\/alfatest.ro\/ro\/wp-json\/wp\/v2\/pages\/4620\/revisions"}],"predecessor-version":[{"id":11232,"href":"https:\/\/alfatest.ro\/ro\/wp-json\/wp\/v2\/pages\/4620\/revisions\/11232"}],"wp:attachment":[{"href":"https:\/\/alfatest.ro\/ro\/wp-json\/wp\/v2\/media?parent=4620"}],"curies":[{"name":"wp","href":"https:\/\/api.w.org\/{rel}","templated":true}]}}