{"id":4531,"date":"2022-04-25T10:41:11","date_gmt":"2022-04-25T10:41:11","guid":{"rendered":"https:\/\/alfatest.ro\/testare-si-inspectie\/"},"modified":"2024-09-10T13:13:33","modified_gmt":"2024-09-10T13:13:33","slug":"testare-si-inspectie","status":"publish","type":"page","link":"https:\/\/alfatest.ro\/ro\/testare-si-inspectie\/","title":{"rendered":"Testare \u0219i inspec\u021bie"},"content":{"rendered":"\n<h2 class=\"wp-block-heading\">Test electric<\/h2>\n\n<p>Testarea electric\u0103 este o etap\u0103 obligatorie \u00een produc\u021bie pentru a evita problemele de calitate care ar putea costa de 1000 de ori mai mult odat\u0103 ce sunt detectate de c\u0103tre clientul final!<\/p>\n\n<p>Testul electric pe o plac\u0103 cu circuite imprimate este un punct cheie \u00een fluxul procesului de fabrica\u021bie. Scopul testului electric este de a garanta c\u0103 produsele vor \u00eendeplini cerin\u021bele a\u0219teptate \u00een ceea ce prive\u0219te func\u021bionalitatea, \u00een conformitate cu proiectul \u0219i specifica\u021biile ini\u021biale. Prin utilizarea testelor electrice, companiile produc\u0103toare pot separa produsele bune de cele defecte, pot identifica defectele electrice \u0219i le pot corecta. Evitarea reapari\u021biei acestora este un factor cheie \u00een reducerea la minimum a costurilor de produc\u021bie \u0219i repara\u021bii.<\/p>\n\n<p>Portofoliul nostru de echipamente include <strong>Takaya Flying Probe, Teradyne In Circuit Test, XJTAG Boundary Scan \u0219i solu\u021bii SMH pentru programare in-system<\/strong>.<\/p>\n\n<h2 class=\"wp-block-heading\">Tehnologii de inspec\u021bie<\/h2>\n\n<p>Tehnica de inspec\u021bie trebuie s\u0103 r\u0103spund\u0103 noilor provoc\u0103ri!<\/p>\n\n<p>Aceasta deoarece complexitatea circuitelor electronice cre\u0219te \u00een timp \u0219i, de asemenea, densitatea componentelor montate pe PCB cre\u0219te \u0219i ea. \u00cen acela\u0219i timp ce dimensiunile fizice ale acestora sunt din ce \u00een ce mai mici. \u00cen afar\u0103 de aceast\u0103 evolu\u021bie a designului, \u00een acela\u0219i timp, este \u00eentotdeauna nevoie de echipamente de inspec\u021bie rapid\u0103 capabile s\u0103 \u021bin\u0103 pasul cu liniile moderne de produc\u021bie SMT.<\/p>\n\n<p>Echipamentele de inspec\u021bie din ziua de azi trebuie s\u0103 ofere un feedback rapid pentru calitatea produselor, informa\u021bii detaliate despre rezultatele inspec\u021biei produc\u021biei \u0219i despre calitate, trebuie s\u0103 fie u\u0219or de manevrat \u0219i de programat, s\u0103 aib\u0103 un pre\u021b competitiv, s\u0103 fie fiabile \u0219i flexibile. Alfa Test ofer\u0103 o gam\u0103 larg\u0103 de instrumente \u0219i sisteme de inspec\u021bie, \u00een special pentru industria electronic\u0103, bazate pe tehnologii optice \u0219i radiografice.<\/p>\n\n<p>Portofoliul nostru de echipamente include inspec\u021bia <strong>pastei de lipit, inspec\u021bia optic\u0103 pre \u0219i post reflow, Desktop AOI, sisteme de inspec\u021bie cu raze X 2D, sisteme de tomografie computerizat\u0103 \u0219i sisteme de inspec\u021bie pentru LED-uri.<\/strong> Partenerii no\u0219tri sunt companii de top \u00een domeniul tehnologiilor de inspec\u021bie care au dezvoltat cele mai rapide, mai precise, mai fiabile \u0219i mai u\u0219or de utilizat sisteme de pe pia\u021b\u0103.<\/p>\n","protected":false},"excerpt":{"rendered":"<p>Test electric Testarea electric\u0103 este o etap\u0103 obligatorie \u00een produc\u021bie pentru a evita problemele de calitate care ar putea costa de 1000 de ori mai mult odat\u0103 ce sunt detectate de c\u0103tre clientul final! Testul electric pe o plac\u0103 cu circuite imprimate este un punct cheie \u00een fluxul procesului de fabrica\u021bie. Scopul testului electric este [&hellip;]<\/p>\n","protected":false},"author":1,"featured_media":0,"parent":0,"menu_order":0,"comment_status":"closed","ping_status":"closed","template":"","meta":{"_monsterinsights_skip_tracking":false,"_monsterinsights_sitenote_active":false,"_monsterinsights_sitenote_note":"","_monsterinsights_sitenote_category":0,"_uf_show_specific_survey":0,"_uf_disable_surveys":false,"footnotes":""},"class_list":["post-4531","page","type-page","status-publish","hentry"],"featured_image_src":null,"yoast_head":"<!-- This site is optimized with the Yoast SEO plugin v26.8 - https:\/\/yoast.com\/product\/yoast-seo-wordpress\/ -->\n<title>Testare \u0219i inspec\u021bie - AlfaTest<\/title>\n<meta name=\"robots\" content=\"index, follow, max-snippet:-1, max-image-preview:large, max-video-preview:-1\" \/>\n<link rel=\"canonical\" href=\"https:\/\/alfatest.ro\/ro\/testare-si-inspectie\/\" \/>\n<meta property=\"og:locale\" content=\"ro_RO\" \/>\n<meta property=\"og:type\" content=\"article\" \/>\n<meta property=\"og:title\" content=\"Testare \u0219i inspec\u021bie - AlfaTest\" \/>\n<meta property=\"og:description\" content=\"Test electric Testarea electric\u0103 este o etap\u0103 obligatorie \u00een produc\u021bie pentru a evita problemele de calitate care ar putea costa de 1000 de ori mai mult odat\u0103 ce sunt detectate de c\u0103tre clientul final! Testul electric pe o plac\u0103 cu circuite imprimate este un punct cheie \u00een fluxul procesului de fabrica\u021bie. Scopul testului electric este [&hellip;]\" \/>\n<meta property=\"og:url\" content=\"https:\/\/alfatest.ro\/ro\/testare-si-inspectie\/\" \/>\n<meta property=\"og:site_name\" content=\"AlfaTest\" \/>\n<meta property=\"article:publisher\" content=\"https:\/\/ro-ro.facebook.com\/alfatest.ro\/\" \/>\n<meta property=\"article:modified_time\" content=\"2024-09-10T13:13:33+00:00\" \/>\n<meta name=\"twitter:card\" content=\"summary_large_image\" \/>\n<meta name=\"twitter:label1\" content=\"Timp estimat pentru citire\" \/>\n\t<meta name=\"twitter:data1\" content=\"2 minute\" \/>\n<script type=\"application\/ld+json\" class=\"yoast-schema-graph\">{\"@context\":\"https:\/\/schema.org\",\"@graph\":[{\"@type\":\"WebPage\",\"@id\":\"https:\/\/alfatest.ro\/ro\/testare-si-inspectie\/\",\"url\":\"https:\/\/alfatest.ro\/ro\/testare-si-inspectie\/\",\"name\":\"Testare \u0219i inspec\u021bie - AlfaTest\",\"isPartOf\":{\"@id\":\"https:\/\/alfatest.ro\/ro\/#website\"},\"datePublished\":\"2022-04-25T10:41:11+00:00\",\"dateModified\":\"2024-09-10T13:13:33+00:00\",\"breadcrumb\":{\"@id\":\"https:\/\/alfatest.ro\/ro\/testare-si-inspectie\/#breadcrumb\"},\"inLanguage\":\"ro-RO\",\"potentialAction\":[{\"@type\":\"ReadAction\",\"target\":[\"https:\/\/alfatest.ro\/ro\/testare-si-inspectie\/\"]}]},{\"@type\":\"BreadcrumbList\",\"@id\":\"https:\/\/alfatest.ro\/ro\/testare-si-inspectie\/#breadcrumb\",\"itemListElement\":[{\"@type\":\"ListItem\",\"position\":1,\"name\":\"Home\",\"item\":\"https:\/\/alfatest.ro\/ro\/\"},{\"@type\":\"ListItem\",\"position\":2,\"name\":\"Testare \u0219i inspec\u021bie\"}]},{\"@type\":\"WebSite\",\"@id\":\"https:\/\/alfatest.ro\/ro\/#website\",\"url\":\"https:\/\/alfatest.ro\/ro\/\",\"name\":\"AlfaTest\",\"description\":\"Trusted partner for Automation &amp; Test\",\"publisher\":{\"@id\":\"https:\/\/alfatest.ro\/ro\/#organization\"},\"potentialAction\":[{\"@type\":\"SearchAction\",\"target\":{\"@type\":\"EntryPoint\",\"urlTemplate\":\"https:\/\/alfatest.ro\/ro\/?s={search_term_string}\"},\"query-input\":{\"@type\":\"PropertyValueSpecification\",\"valueRequired\":true,\"valueName\":\"search_term_string\"}}],\"inLanguage\":\"ro-RO\"},{\"@type\":\"Organization\",\"@id\":\"https:\/\/alfatest.ro\/ro\/#organization\",\"name\":\"AlfaTest\",\"url\":\"https:\/\/alfatest.ro\/ro\/\",\"logo\":{\"@type\":\"ImageObject\",\"inLanguage\":\"ro-RO\",\"@id\":\"https:\/\/alfatest.ro\/ro\/#\/schema\/logo\/image\/\",\"url\":\"https:\/\/alfatest.ro\/wp-content\/uploads\/2023\/06\/alfa-test-logo.png\",\"contentUrl\":\"https:\/\/alfatest.ro\/wp-content\/uploads\/2023\/06\/alfa-test-logo.png\",\"width\":58,\"height\":54,\"caption\":\"AlfaTest\"},\"image\":{\"@id\":\"https:\/\/alfatest.ro\/ro\/#\/schema\/logo\/image\/\"},\"sameAs\":[\"https:\/\/ro-ro.facebook.com\/alfatest.ro\/\",\"https:\/\/www.youtube.com\/user\/AlfaTestRomania\",\"https:\/\/ro.linkedin.com\/company\/alfa-test\"]}]}<\/script>\n<!-- \/ Yoast SEO plugin. -->","yoast_head_json":{"title":"Testare \u0219i inspec\u021bie - AlfaTest","robots":{"index":"index","follow":"follow","max-snippet":"max-snippet:-1","max-image-preview":"max-image-preview:large","max-video-preview":"max-video-preview:-1"},"canonical":"https:\/\/alfatest.ro\/ro\/testare-si-inspectie\/","og_locale":"ro_RO","og_type":"article","og_title":"Testare \u0219i inspec\u021bie - AlfaTest","og_description":"Test electric Testarea electric\u0103 este o etap\u0103 obligatorie \u00een produc\u021bie pentru a evita problemele de calitate care ar putea costa de 1000 de ori mai mult odat\u0103 ce sunt detectate de c\u0103tre clientul final! Testul electric pe o plac\u0103 cu circuite imprimate este un punct cheie \u00een fluxul procesului de fabrica\u021bie. Scopul testului electric este [&hellip;]","og_url":"https:\/\/alfatest.ro\/ro\/testare-si-inspectie\/","og_site_name":"AlfaTest","article_publisher":"https:\/\/ro-ro.facebook.com\/alfatest.ro\/","article_modified_time":"2024-09-10T13:13:33+00:00","twitter_card":"summary_large_image","twitter_misc":{"Timp estimat pentru citire":"2 minute"},"schema":{"@context":"https:\/\/schema.org","@graph":[{"@type":"WebPage","@id":"https:\/\/alfatest.ro\/ro\/testare-si-inspectie\/","url":"https:\/\/alfatest.ro\/ro\/testare-si-inspectie\/","name":"Testare \u0219i inspec\u021bie - AlfaTest","isPartOf":{"@id":"https:\/\/alfatest.ro\/ro\/#website"},"datePublished":"2022-04-25T10:41:11+00:00","dateModified":"2024-09-10T13:13:33+00:00","breadcrumb":{"@id":"https:\/\/alfatest.ro\/ro\/testare-si-inspectie\/#breadcrumb"},"inLanguage":"ro-RO","potentialAction":[{"@type":"ReadAction","target":["https:\/\/alfatest.ro\/ro\/testare-si-inspectie\/"]}]},{"@type":"BreadcrumbList","@id":"https:\/\/alfatest.ro\/ro\/testare-si-inspectie\/#breadcrumb","itemListElement":[{"@type":"ListItem","position":1,"name":"Home","item":"https:\/\/alfatest.ro\/ro\/"},{"@type":"ListItem","position":2,"name":"Testare \u0219i inspec\u021bie"}]},{"@type":"WebSite","@id":"https:\/\/alfatest.ro\/ro\/#website","url":"https:\/\/alfatest.ro\/ro\/","name":"AlfaTest","description":"Trusted partner for Automation &amp; Test","publisher":{"@id":"https:\/\/alfatest.ro\/ro\/#organization"},"potentialAction":[{"@type":"SearchAction","target":{"@type":"EntryPoint","urlTemplate":"https:\/\/alfatest.ro\/ro\/?s={search_term_string}"},"query-input":{"@type":"PropertyValueSpecification","valueRequired":true,"valueName":"search_term_string"}}],"inLanguage":"ro-RO"},{"@type":"Organization","@id":"https:\/\/alfatest.ro\/ro\/#organization","name":"AlfaTest","url":"https:\/\/alfatest.ro\/ro\/","logo":{"@type":"ImageObject","inLanguage":"ro-RO","@id":"https:\/\/alfatest.ro\/ro\/#\/schema\/logo\/image\/","url":"https:\/\/alfatest.ro\/wp-content\/uploads\/2023\/06\/alfa-test-logo.png","contentUrl":"https:\/\/alfatest.ro\/wp-content\/uploads\/2023\/06\/alfa-test-logo.png","width":58,"height":54,"caption":"AlfaTest"},"image":{"@id":"https:\/\/alfatest.ro\/ro\/#\/schema\/logo\/image\/"},"sameAs":["https:\/\/ro-ro.facebook.com\/alfatest.ro\/","https:\/\/www.youtube.com\/user\/AlfaTestRomania","https:\/\/ro.linkedin.com\/company\/alfa-test"]}]}},"_links":{"self":[{"href":"https:\/\/alfatest.ro\/ro\/wp-json\/wp\/v2\/pages\/4531","targetHints":{"allow":["GET"]}}],"collection":[{"href":"https:\/\/alfatest.ro\/ro\/wp-json\/wp\/v2\/pages"}],"about":[{"href":"https:\/\/alfatest.ro\/ro\/wp-json\/wp\/v2\/types\/page"}],"author":[{"embeddable":true,"href":"https:\/\/alfatest.ro\/ro\/wp-json\/wp\/v2\/users\/1"}],"replies":[{"embeddable":true,"href":"https:\/\/alfatest.ro\/ro\/wp-json\/wp\/v2\/comments?post=4531"}],"version-history":[{"count":8,"href":"https:\/\/alfatest.ro\/ro\/wp-json\/wp\/v2\/pages\/4531\/revisions"}],"predecessor-version":[{"id":6917,"href":"https:\/\/alfatest.ro\/ro\/wp-json\/wp\/v2\/pages\/4531\/revisions\/6917"}],"wp:attachment":[{"href":"https:\/\/alfatest.ro\/ro\/wp-json\/wp\/v2\/media?parent=4531"}],"curies":[{"name":"wp","href":"https:\/\/api.w.org\/{rel}","templated":true}]}}