{"id":11343,"date":"2026-03-13T12:44:41","date_gmt":"2026-03-13T12:44:41","guid":{"rendered":"https:\/\/alfatest.ro\/?page_id=11343"},"modified":"2026-03-13T12:47:56","modified_gmt":"2026-03-13T12:47:56","slug":"controlar","status":"publish","type":"page","link":"https:\/\/alfatest.ro\/ro\/controlar\/","title":{"rendered":"Controlar"},"content":{"rendered":"\n<p>Alfa Test este partenerul regional pentru EIIT \u2013 A Controlar company \u00een Rom\u00e2nia, Ungaria, Slovacia, Serbia, Bulgaria, Croa\u021bia, Slovenia, Republica Ceh\u0103 \u0219i Polonia, oferind solu\u021bii avansate de automatizare a test\u0103rii care sus\u021bin inova\u021bia \u0219i fiabilitatea \u00een produc\u021bia modern\u0103.<\/p>\n\n\n\n<p>Fondat\u0103 \u00een 1986, EIIT \u2013 A Controlar company este ast\u0103zi o companie de referin\u021b\u0103 \u00een proiectarea, fabricarea \u0219i punerea \u00een func\u021biune a echipamentelor de testare \u0219i a sistemelor de automatizare pentru toate sectoarele industriale, furniz\u00e2nd clien\u021bilor solu\u021bii turnkey inovatoare \u0219i tehnologice avansate.<\/p>\n\n\n\n<p>Structurat\u0103 \u00een jurul unor competen\u021be cheie precum dezvoltarea hardware \u0219i software, integrarea de sisteme, testarea func\u021bional\u0103 \u0219i de calitate a dispozitivelor electronice, precum \u0219i robotic\u0103, Controlar de\u021bine un portofoliu semnificativ de proiecte \u0219i servicii, sus\u021binut de referin\u021be de nivel mondial din partea companiilor multina\u021bionale.<\/p>\n","protected":false},"excerpt":{"rendered":"<p>Alfa Test este partenerul regional pentru EIIT \u2013 A Controlar company \u00een Rom\u00e2nia, Ungaria, Slovacia, Serbia, Bulgaria, Croa\u021bia, Slovenia, Republica Ceh\u0103 \u0219i Polonia, oferind solu\u021bii avansate de automatizare a test\u0103rii care sus\u021bin inova\u021bia \u0219i fiabilitatea \u00een produc\u021bia modern\u0103. Fondat\u0103 \u00een 1986, EIIT \u2013 A Controlar company este ast\u0103zi o companie de referin\u021b\u0103 \u00een proiectarea, fabricarea [&hellip;]<\/p>\n","protected":false},"author":1,"featured_media":11352,"parent":0,"menu_order":0,"comment_status":"closed","ping_status":"closed","template":"","meta":{"_monsterinsights_skip_tracking":false,"_monsterinsights_sitenote_active":false,"_monsterinsights_sitenote_note":"","_monsterinsights_sitenote_category":0,"_uf_show_specific_survey":0,"_uf_disable_surveys":false,"footnotes":""},"class_list":["post-11343","page","type-page","status-publish","has-post-thumbnail","hentry"],"featured_image_src":"https:\/\/alfatest.ro\/wp-content\/uploads\/2026\/03\/controlar-test.png","yoast_head":"<!-- This site is optimized with the Yoast SEO plugin v26.8 - https:\/\/yoast.com\/product\/yoast-seo-wordpress\/ -->\n<title>Controlar - AlfaTest<\/title>\n<meta name=\"robots\" content=\"index, follow, max-snippet:-1, max-image-preview:large, max-video-preview:-1\" \/>\n<link rel=\"canonical\" href=\"https:\/\/alfatest.ro\/ro\/controlar\/\" \/>\n<meta property=\"og:locale\" content=\"ro_RO\" \/>\n<meta property=\"og:type\" content=\"article\" \/>\n<meta property=\"og:title\" content=\"Controlar - AlfaTest\" \/>\n<meta property=\"og:description\" content=\"Alfa Test este partenerul regional pentru EIIT \u2013 A Controlar company \u00een Rom\u00e2nia, Ungaria, Slovacia, Serbia, Bulgaria, Croa\u021bia, Slovenia, Republica Ceh\u0103 \u0219i Polonia, oferind solu\u021bii avansate de automatizare a test\u0103rii care sus\u021bin inova\u021bia \u0219i fiabilitatea \u00een produc\u021bia modern\u0103. Fondat\u0103 \u00een 1986, EIIT \u2013 A Controlar company este ast\u0103zi o companie de referin\u021b\u0103 \u00een proiectarea, fabricarea [&hellip;]\" \/>\n<meta property=\"og:url\" content=\"https:\/\/alfatest.ro\/ro\/controlar\/\" \/>\n<meta property=\"og:site_name\" content=\"AlfaTest\" \/>\n<meta property=\"article:publisher\" content=\"https:\/\/ro-ro.facebook.com\/alfatest.ro\/\" \/>\n<meta property=\"article:modified_time\" content=\"2026-03-13T12:47:56+00:00\" \/>\n<meta name=\"twitter:card\" content=\"summary_large_image\" \/>\n<meta name=\"twitter:label1\" content=\"Timp estimat pentru citire\" \/>\n\t<meta name=\"twitter:data1\" content=\"1 minut\" \/>\n<script type=\"application\/ld+json\" class=\"yoast-schema-graph\">{\"@context\":\"https:\/\/schema.org\",\"@graph\":[{\"@type\":\"WebPage\",\"@id\":\"https:\/\/alfatest.ro\/ro\/controlar\/\",\"url\":\"https:\/\/alfatest.ro\/ro\/controlar\/\",\"name\":\"Controlar - AlfaTest\",\"isPartOf\":{\"@id\":\"https:\/\/alfatest.ro\/ro\/#website\"},\"primaryImageOfPage\":{\"@id\":\"https:\/\/alfatest.ro\/ro\/controlar\/#primaryimage\"},\"image\":{\"@id\":\"https:\/\/alfatest.ro\/ro\/controlar\/#primaryimage\"},\"thumbnailUrl\":\"https:\/\/alfatest.ro\/wp-content\/uploads\/2026\/03\/controlar-test.png\",\"datePublished\":\"2026-03-13T12:44:41+00:00\",\"dateModified\":\"2026-03-13T12:47:56+00:00\",\"breadcrumb\":{\"@id\":\"https:\/\/alfatest.ro\/ro\/controlar\/#breadcrumb\"},\"inLanguage\":\"ro-RO\",\"potentialAction\":[{\"@type\":\"ReadAction\",\"target\":[\"https:\/\/alfatest.ro\/ro\/controlar\/\"]}]},{\"@type\":\"ImageObject\",\"inLanguage\":\"ro-RO\",\"@id\":\"https:\/\/alfatest.ro\/ro\/controlar\/#primaryimage\",\"url\":\"https:\/\/alfatest.ro\/wp-content\/uploads\/2026\/03\/controlar-test.png\",\"contentUrl\":\"https:\/\/alfatest.ro\/wp-content\/uploads\/2026\/03\/controlar-test.png\",\"width\":352,\"height\":352},{\"@type\":\"BreadcrumbList\",\"@id\":\"https:\/\/alfatest.ro\/ro\/controlar\/#breadcrumb\",\"itemListElement\":[{\"@type\":\"ListItem\",\"position\":1,\"name\":\"Home\",\"item\":\"https:\/\/alfatest.ro\/ro\/\"},{\"@type\":\"ListItem\",\"position\":2,\"name\":\"Controlar\"}]},{\"@type\":\"WebSite\",\"@id\":\"https:\/\/alfatest.ro\/ro\/#website\",\"url\":\"https:\/\/alfatest.ro\/ro\/\",\"name\":\"AlfaTest\",\"description\":\"Trusted partner for Automation &amp; Test\",\"publisher\":{\"@id\":\"https:\/\/alfatest.ro\/ro\/#organization\"},\"potentialAction\":[{\"@type\":\"SearchAction\",\"target\":{\"@type\":\"EntryPoint\",\"urlTemplate\":\"https:\/\/alfatest.ro\/ro\/?s={search_term_string}\"},\"query-input\":{\"@type\":\"PropertyValueSpecification\",\"valueRequired\":true,\"valueName\":\"search_term_string\"}}],\"inLanguage\":\"ro-RO\"},{\"@type\":\"Organization\",\"@id\":\"https:\/\/alfatest.ro\/ro\/#organization\",\"name\":\"AlfaTest\",\"url\":\"https:\/\/alfatest.ro\/ro\/\",\"logo\":{\"@type\":\"ImageObject\",\"inLanguage\":\"ro-RO\",\"@id\":\"https:\/\/alfatest.ro\/ro\/#\/schema\/logo\/image\/\",\"url\":\"https:\/\/alfatest.ro\/wp-content\/uploads\/2023\/06\/alfa-test-logo.png\",\"contentUrl\":\"https:\/\/alfatest.ro\/wp-content\/uploads\/2023\/06\/alfa-test-logo.png\",\"width\":58,\"height\":54,\"caption\":\"AlfaTest\"},\"image\":{\"@id\":\"https:\/\/alfatest.ro\/ro\/#\/schema\/logo\/image\/\"},\"sameAs\":[\"https:\/\/ro-ro.facebook.com\/alfatest.ro\/\",\"https:\/\/www.youtube.com\/user\/AlfaTestRomania\",\"https:\/\/ro.linkedin.com\/company\/alfa-test\"]}]}<\/script>\n<!-- \/ Yoast SEO plugin. -->","yoast_head_json":{"title":"Controlar - AlfaTest","robots":{"index":"index","follow":"follow","max-snippet":"max-snippet:-1","max-image-preview":"max-image-preview:large","max-video-preview":"max-video-preview:-1"},"canonical":"https:\/\/alfatest.ro\/ro\/controlar\/","og_locale":"ro_RO","og_type":"article","og_title":"Controlar - AlfaTest","og_description":"Alfa Test este partenerul regional pentru EIIT \u2013 A Controlar company \u00een Rom\u00e2nia, Ungaria, Slovacia, Serbia, Bulgaria, Croa\u021bia, Slovenia, Republica Ceh\u0103 \u0219i Polonia, oferind solu\u021bii avansate de automatizare a test\u0103rii care sus\u021bin inova\u021bia \u0219i fiabilitatea \u00een produc\u021bia modern\u0103. Fondat\u0103 \u00een 1986, EIIT \u2013 A Controlar company este ast\u0103zi o companie de referin\u021b\u0103 \u00een proiectarea, fabricarea [&hellip;]","og_url":"https:\/\/alfatest.ro\/ro\/controlar\/","og_site_name":"AlfaTest","article_publisher":"https:\/\/ro-ro.facebook.com\/alfatest.ro\/","article_modified_time":"2026-03-13T12:47:56+00:00","twitter_card":"summary_large_image","twitter_misc":{"Timp estimat pentru citire":"1 minut"},"schema":{"@context":"https:\/\/schema.org","@graph":[{"@type":"WebPage","@id":"https:\/\/alfatest.ro\/ro\/controlar\/","url":"https:\/\/alfatest.ro\/ro\/controlar\/","name":"Controlar - AlfaTest","isPartOf":{"@id":"https:\/\/alfatest.ro\/ro\/#website"},"primaryImageOfPage":{"@id":"https:\/\/alfatest.ro\/ro\/controlar\/#primaryimage"},"image":{"@id":"https:\/\/alfatest.ro\/ro\/controlar\/#primaryimage"},"thumbnailUrl":"https:\/\/alfatest.ro\/wp-content\/uploads\/2026\/03\/controlar-test.png","datePublished":"2026-03-13T12:44:41+00:00","dateModified":"2026-03-13T12:47:56+00:00","breadcrumb":{"@id":"https:\/\/alfatest.ro\/ro\/controlar\/#breadcrumb"},"inLanguage":"ro-RO","potentialAction":[{"@type":"ReadAction","target":["https:\/\/alfatest.ro\/ro\/controlar\/"]}]},{"@type":"ImageObject","inLanguage":"ro-RO","@id":"https:\/\/alfatest.ro\/ro\/controlar\/#primaryimage","url":"https:\/\/alfatest.ro\/wp-content\/uploads\/2026\/03\/controlar-test.png","contentUrl":"https:\/\/alfatest.ro\/wp-content\/uploads\/2026\/03\/controlar-test.png","width":352,"height":352},{"@type":"BreadcrumbList","@id":"https:\/\/alfatest.ro\/ro\/controlar\/#breadcrumb","itemListElement":[{"@type":"ListItem","position":1,"name":"Home","item":"https:\/\/alfatest.ro\/ro\/"},{"@type":"ListItem","position":2,"name":"Controlar"}]},{"@type":"WebSite","@id":"https:\/\/alfatest.ro\/ro\/#website","url":"https:\/\/alfatest.ro\/ro\/","name":"AlfaTest","description":"Trusted partner for Automation &amp; Test","publisher":{"@id":"https:\/\/alfatest.ro\/ro\/#organization"},"potentialAction":[{"@type":"SearchAction","target":{"@type":"EntryPoint","urlTemplate":"https:\/\/alfatest.ro\/ro\/?s={search_term_string}"},"query-input":{"@type":"PropertyValueSpecification","valueRequired":true,"valueName":"search_term_string"}}],"inLanguage":"ro-RO"},{"@type":"Organization","@id":"https:\/\/alfatest.ro\/ro\/#organization","name":"AlfaTest","url":"https:\/\/alfatest.ro\/ro\/","logo":{"@type":"ImageObject","inLanguage":"ro-RO","@id":"https:\/\/alfatest.ro\/ro\/#\/schema\/logo\/image\/","url":"https:\/\/alfatest.ro\/wp-content\/uploads\/2023\/06\/alfa-test-logo.png","contentUrl":"https:\/\/alfatest.ro\/wp-content\/uploads\/2023\/06\/alfa-test-logo.png","width":58,"height":54,"caption":"AlfaTest"},"image":{"@id":"https:\/\/alfatest.ro\/ro\/#\/schema\/logo\/image\/"},"sameAs":["https:\/\/ro-ro.facebook.com\/alfatest.ro\/","https:\/\/www.youtube.com\/user\/AlfaTestRomania","https:\/\/ro.linkedin.com\/company\/alfa-test"]}]}},"_links":{"self":[{"href":"https:\/\/alfatest.ro\/ro\/wp-json\/wp\/v2\/pages\/11343","targetHints":{"allow":["GET"]}}],"collection":[{"href":"https:\/\/alfatest.ro\/ro\/wp-json\/wp\/v2\/pages"}],"about":[{"href":"https:\/\/alfatest.ro\/ro\/wp-json\/wp\/v2\/types\/page"}],"author":[{"embeddable":true,"href":"https:\/\/alfatest.ro\/ro\/wp-json\/wp\/v2\/users\/1"}],"replies":[{"embeddable":true,"href":"https:\/\/alfatest.ro\/ro\/wp-json\/wp\/v2\/comments?post=11343"}],"version-history":[{"count":1,"href":"https:\/\/alfatest.ro\/ro\/wp-json\/wp\/v2\/pages\/11343\/revisions"}],"predecessor-version":[{"id":11344,"href":"https:\/\/alfatest.ro\/ro\/wp-json\/wp\/v2\/pages\/11343\/revisions\/11344"}],"wp:featuredmedia":[{"embeddable":true,"href":"https:\/\/alfatest.ro\/ro\/wp-json\/wp\/v2\/media\/11352"}],"wp:attachment":[{"href":"https:\/\/alfatest.ro\/ro\/wp-json\/wp\/v2\/media?parent=11343"}],"curies":[{"name":"wp","href":"https:\/\/api.w.org\/{rel}","templated":true}]}}